{"id":441,"date":"2025-05-26T12:05:00","date_gmt":"2025-05-26T12:05:00","guid":{"rendered":"https:\/\/transact.mk\/?page_id=441"},"modified":"2026-02-18T21:44:11","modified_gmt":"2026-02-18T21:44:11","slug":"za-nas","status":"publish","type":"page","link":"https:\/\/transact.mk\/de\/za-nas\/","title":{"rendered":"\u00dcber uns"},"content":{"rendered":"<div data-elementor-type=\"wp-page\" data-elementor-id=\"441\" class=\"elementor elementor-441\" data-elementor-post-type=\"page\">\n\t\t\t\t<div class=\"elementor-element elementor-element-bde59a5 e-flex e-con-boxed e-con e-parent\" data-id=\"bde59a5\" data-element_type=\"container\" data-e-type=\"container\" data-settings=\"{&quot;background_background&quot;:&quot;classic&quot;}\">\n\t\t\t\t\t<div class=\"e-con-inner\">\n\t\t<div class=\"elementor-element elementor-element-658aa29 elementor-hidden-mobile e-con-full e-flex e-con e-child\" data-id=\"658aa29\" data-element_type=\"container\" data-e-type=\"container\">\n\t\t\t\t<\/div>\n\t\t<div class=\"elementor-element elementor-element-c30b8e3 e-con-full e-flex e-con e-child\" data-id=\"c30b8e3\" data-element_type=\"container\" data-e-type=\"container\">\n\t\t\t\t<div class=\"elementor-element elementor-element-15f88c7 elementor-widget elementor-widget-heading\" data-id=\"15f88c7\" data-element_type=\"widget\" data-e-type=\"widget\" data-widget_type=\"heading.default\">\n\t\t\t\t\t<h2 class=\"elementor-heading-title elementor-size-default\">\u00dcBER UNS<\/h2>\t\t\t\t<\/div>\n\t\t\t\t<div class=\"elementor-element elementor-element-1bc32c7 elementor-widget elementor-widget-heading\" data-id=\"1bc32c7\" data-element_type=\"widget\" data-e-type=\"widget\" data-widget_type=\"heading.default\">\n\t\t\t\t\t<h1 class=\"elementor-heading-title elementor-size-default\">Wir bringen professionelle Pflege und gute Herzen in Ihr Zuhause.<\/h1>\t\t\t\t<\/div>\n\t\t\t\t<\/div>\n\t\t\t\t\t<\/div>\n\t\t\t\t<\/div>\n\t\t<div class=\"elementor-element elementor-element-b26ef17 e-flex e-con-boxed e-con e-parent\" data-id=\"b26ef17\" data-element_type=\"container\" data-e-type=\"container\">\n\t\t\t\t\t<div class=\"e-con-inner\">\n\t\t<div class=\"elementor-element elementor-element-17618f7 e-con-full e-flex e-con e-child\" data-id=\"17618f7\" data-element_type=\"container\" data-e-type=\"container\">\n\t\t\t\t<div class=\"elementor-element elementor-element-06cda33 elementor-invisible elementor-widget elementor-widget-heading\" data-id=\"06cda33\" data-element_type=\"widget\" data-e-type=\"widget\" data-settings=\"{&quot;_animation&quot;:&quot;fadeInUp&quot;,&quot;_animation_delay&quot;:200}\" data-widget_type=\"heading.default\">\n\t\t\t\t\t<h3 class=\"elementor-heading-title elementor-size-default\">Die Bereitstellung qualitativ hochwertiger Pflege zu Hause ist eine Mischung aus K\u00f6nnen, Herz und Menschlichkeit.<\/h3>\t\t\t\t<\/div>\n\t\t\t\t<div class=\"elementor-element elementor-element-4179b99 elementor-widget elementor-widget-text-editor\" data-id=\"4179b99\" data-element_type=\"widget\" data-e-type=\"widget\" data-widget_type=\"text-editor.default\">\n\t\t\t\t\t\t\t\t\t<p>Der Verein Zentrum f\u00fcr Entwicklung und Bildung hat das Ziel, eine prosperierende, gerechte Gemeinschaft zu schaffen, in der jeder Einzelne Zugang zu einf\u00fchlsamer, ganzheitlicher Pflege und den notwendigen Ressourcen hat, um ein gesundes und w\u00fcrdevolles Leben zu f\u00fchren.<\/p>\t\t\t\t\t\t\t\t<\/div>\n\t\t\t\t<div class=\"elementor-element elementor-element-e7ff56b elementor-widget elementor-widget-heading\" data-id=\"e7ff56b\" data-element_type=\"widget\" data-e-type=\"widget\" data-widget_type=\"heading.default\">\n\t\t\t\t\t<h3 class=\"elementor-heading-title elementor-size-default\">Unsere Mission ist es, das Wohlbefinden von Einzelpersonen und Gemeinschaften in den Gemeinden Prilep, Krivoga\u0161tani und Dolnen zu verbessern, indem wir zug\u00e4ngliche, einf\u00fchlsame und umfassende soziale und gesundheitliche Dienstleistungen anbieten. Wir setzen uns daf\u00fcr ein, insbesondere Menschen in sozialen Risikosituationen durch Unterst\u00fctzung und F\u00fcrsorge zu st\u00e4rken, die k\u00f6rperliches, emotionales und soziales Wohlbefinden f\u00f6rdert.<\/h3>\t\t\t\t<\/div>\n\t\t<div class=\"elementor-element elementor-element-aace69d e-con-full e-flex e-con e-child\" data-id=\"aace69d\" data-element_type=\"container\" data-e-type=\"container\">\n\t\t<div class=\"elementor-element elementor-element-a539e49 e-con-full e-flex elementor-invisible e-con e-child\" data-id=\"a539e49\" data-element_type=\"container\" data-e-type=\"container\" data-settings=\"{&quot;background_background&quot;:&quot;classic&quot;,&quot;animation&quot;:&quot;fadeInLeft&quot;}\">\n\t\t\t\t<\/div>\n\t\t<div class=\"elementor-element elementor-element-680f42c e-con-full e-flex e-con e-child\" data-id=\"680f42c\" data-element_type=\"container\" data-e-type=\"container\">\n\t\t\t\t<div class=\"elementor-element elementor-element-bf82d5d elementor-widget elementor-widget-text-editor\" data-id=\"bf82d5d\" data-element_type=\"widget\" data-e-type=\"widget\" data-widget_type=\"text-editor.default\">\n\t\t\t\t\t\t\t\t\t<p>Ziel unserer Dienstleistungen ist es, das Wohlbefinden von Einzelpersonen, Familien und Gemeinschaften durch folgende Angebote zu verbessern:<\/p>\t\t\t\t\t\t\t\t<\/div>\n\t\t\t\t<div class=\"elementor-element elementor-element-422b151 elementor-widget elementor-widget-icon-box\" data-id=\"422b151\" data-element_type=\"widget\" data-e-type=\"widget\" data-widget_type=\"icon-box.default\">\n\t\t\t\t\t\t\t<div class=\"elementor-icon-box-wrapper\">\n\n\t\t\t\n\t\t\t\t\t\t<div class=\"elementor-icon-box-content\">\n\n\t\t\t\t\t\t\t\t\t<h4 class=\"elementor-icon-box-title\">\n\t\t\t\t\t\t<span  >\n\t\t\t\t\t\t\tUnterst\u00fctzung f\u00fcr Einzelpersonen und Familien in Armut\t\t\t\t\t\t<\/span>\n\t\t\t\t\t<\/h4>\n\t\t\t\t\n\t\t\t\t\n\t\t\t<\/div>\n\t\t\t\n\t\t<\/div>\n\t\t\t\t\t\t<\/div>\n\t\t\t\t<div class=\"elementor-element elementor-element-3d224b6 elementor-widget elementor-widget-icon-box\" data-id=\"3d224b6\" data-element_type=\"widget\" data-e-type=\"widget\" data-widget_type=\"icon-box.default\">\n\t\t\t\t\t\t\t<div class=\"elementor-icon-box-wrapper\">\n\n\t\t\t\n\t\t\t\t\t\t<div class=\"elementor-icon-box-content\">\n\n\t\t\t\t\t\t\t\t\t<h4 class=\"elementor-icon-box-title\">\n\t\t\t\t\t\t<span  >\n\t\t\t\t\t\t\tUnterst\u00fctzung f\u00fcr Einzelpersonen und Familien in l\u00e4ndlichen Gebieten mit eingeschr\u00e4nktem Zugang zu sozialer und gesundheitlicher Versorgung\t\t\t\t\t\t<\/span>\n\t\t\t\t\t<\/h4>\n\t\t\t\t\n\t\t\t\t\n\t\t\t<\/div>\n\t\t\t\n\t\t<\/div>\n\t\t\t\t\t\t<\/div>\n\t\t\t\t<div class=\"elementor-element elementor-element-8280828 elementor-widget elementor-widget-icon-box\" data-id=\"8280828\" data-element_type=\"widget\" data-e-type=\"widget\" data-widget_type=\"icon-box.default\">\n\t\t\t\t\t\t\t<div class=\"elementor-icon-box-wrapper\">\n\n\t\t\t\n\t\t\t\t\t\t<div class=\"elementor-icon-box-content\">\n\n\t\t\t\t\t\t\t\t\t<h4 class=\"elementor-icon-box-title\">\n\t\t\t\t\t\t<span  >\n\t\t\t\t\t\t\tVernetzung des \u00f6ffentlichen, privaten und zivilgesellschaftlichen Sektors zum Aufbau inklusiver und gerechter Gemeinschaften\t\t\t\t\t\t<\/span>\n\t\t\t\t\t<\/h4>\n\t\t\t\t\n\t\t\t\t\n\t\t\t<\/div>\n\t\t\t\n\t\t<\/div>\n\t\t\t\t\t\t<\/div>\n\t\t\t\t<\/div>\n\t\t\t\t<\/div>\n\t\t\t\t<\/div>\n\t\t<div class=\"elementor-element elementor-element-cebf447 e-con-full e-flex e-con e-child\" data-id=\"cebf447\" data-element_type=\"container\" data-e-type=\"container\">\n\t\t\t\t<div class=\"elementor-element elementor-element-219a02b elementor-widget elementor-widget-image\" data-id=\"219a02b\" data-element_type=\"widget\" data-e-type=\"widget\" data-widget_type=\"image.default\">\n\t\t\t\t\t\t\t\t\t\t\t\t\t\t\t<img decoding=\"async\" src=\"https:\/\/transact.mk\/wp-content\/uploads\/elementor\/thumbs\/Trancact022-r68ktme7fy6nerg4sc6oqzw9pvef77a7m89hm8au68.jpg\" title=\"Senior patient giving a gift to her doctor\" alt=\"Grateful senior female patient giving a gift to her female doctor\" loading=\"lazy\" \/>\t\t\t\t\t\t\t\t\t\t\t\t\t\t\t<\/div>\n\t\t\t\t<div class=\"elementor-element elementor-element-26a2f79 elementor-invisible elementor-widget elementor-widget-image\" data-id=\"26a2f79\" data-element_type=\"widget\" data-e-type=\"widget\" data-settings=\"{&quot;_animation&quot;:&quot;fadeInUp&quot;}\" data-widget_type=\"image.default\">\n\t\t\t\t\t\t\t\t\t\t\t\t\t\t\t<img decoding=\"async\" src=\"https:\/\/transact.mk\/wp-content\/uploads\/elementor\/thumbs\/Trancact006-r68kst97k31mhnxvuc8c1hkyj8hn0t45z91roqg3g0.jpg\" title=\"Doctor taking temperature to senior woman\" alt=\"Female doctor taking temperature to senior woman at home\" loading=\"lazy\" \/>\t\t\t\t\t\t\t\t\t\t\t\t\t\t\t<\/div>\n\t\t\t\t<div class=\"elementor-element elementor-element-c7a34bd elementor-widget elementor-widget-heading\" data-id=\"c7a34bd\" data-element_type=\"widget\" data-e-type=\"widget\" data-widget_type=\"heading.default\">\n\t\t\t\t\t<h5 class=\"elementor-heading-title elementor-size-default\">Bisher haben wir bereitgestellt<\/h5>\t\t\t\t<\/div>\n\t\t<div class=\"elementor-element elementor-element-eb113bb e-con-full e-flex elementor-invisible e-con e-child\" data-id=\"eb113bb\" data-element_type=\"container\" data-e-type=\"container\" data-settings=\"{&quot;background_background&quot;:&quot;classic&quot;,&quot;animation&quot;:&quot;fadeInUp&quot;}\">\n\t\t\t\t<div class=\"elementor-element elementor-element-1283a88 elementor-widget elementor-widget-heading\" data-id=\"1283a88\" data-element_type=\"widget\" data-e-type=\"widget\" data-widget_type=\"heading.default\">\n\t\t\t\t\t<h4 class=\"elementor-heading-title elementor-size-default\">Unterst\u00fctzung<\/h4>\t\t\t\t<\/div>\n\t\t\t\t<div class=\"elementor-element elementor-element-c531add elementor-widget elementor-widget-counter\" data-id=\"c531add\" data-element_type=\"widget\" data-e-type=\"widget\" data-widget_type=\"counter.default\">\n\t\t\t\t\t\t\t<div class=\"elementor-counter\">\n\t\t\t<div class=\"elementor-counter-title translation-block\">Sozial gef\u00e4hrdete Einzelpersonen und Familien<\/div>\t\t\t<div class=\"elementor-counter-number-wrapper\">\n\t\t\t\t<span class=\"elementor-counter-number-prefix\"><\/span>\n\t\t\t\t<span class=\"elementor-counter-number\" data-duration=\"2000\" data-to-value=\"434\" data-from-value=\"0\" data-delimiter=\",\">0<\/span>\n\t\t\t\t<span class=\"elementor-counter-number-suffix\">+<\/span>\n\t\t\t<\/div>\n\t\t<\/div>\n\t\t\t\t\t\t<\/div>\n\t\t\t\t<\/div>\n\t\t<div class=\"elementor-element elementor-element-ba4bc72 e-con-full e-flex elementor-invisible e-con e-child\" data-id=\"ba4bc72\" data-element_type=\"container\" data-e-type=\"container\" data-settings=\"{&quot;background_background&quot;:&quot;classic&quot;,&quot;animation&quot;:&quot;fadeInUp&quot;}\">\n\t\t\t\t<div class=\"elementor-element elementor-element-d2fe42c elementor-widget elementor-widget-heading\" data-id=\"d2fe42c\" data-element_type=\"widget\" data-e-type=\"widget\" data-widget_type=\"heading.default\">\n\t\t\t\t\t<h4 class=\"elementor-heading-title elementor-size-default translation-block\">Soziale<br>Pakete f\u00fcr<\/h4>\t\t\t\t<\/div>\n\t\t\t\t<div class=\"elementor-element elementor-element-6bce720 elementor-widget__width-auto elementor-widget elementor-widget-counter\" data-id=\"6bce720\" data-element_type=\"widget\" data-e-type=\"widget\" data-widget_type=\"counter.default\">\n\t\t\t\t\t\t\t<div class=\"elementor-counter\">\n\t\t\t<div class=\"elementor-counter-title\">Einzelpersonen und Familien<\/div>\t\t\t<div class=\"elementor-counter-number-wrapper\">\n\t\t\t\t<span class=\"elementor-counter-number-prefix\"><\/span>\n\t\t\t\t<span class=\"elementor-counter-number\" data-duration=\"2000\" data-to-value=\"700\" data-from-value=\"0\" data-delimiter=\",\">0<\/span>\n\t\t\t\t<span class=\"elementor-counter-number-suffix\"><\/span>\n\t\t\t<\/div>\n\t\t<\/div>\n\t\t\t\t\t\t<\/div>\n\t\t\t\t<\/div>\n\t\t\t\t<\/div>\n\t\t\t\t\t<\/div>\n\t\t\t\t<\/div>\n\t\t<div class=\"elementor-element elementor-element-1845b03 e-flex e-con-boxed e-con e-parent\" data-id=\"1845b03\" data-element_type=\"container\" data-e-type=\"container\" data-settings=\"{&quot;background_background&quot;:&quot;classic&quot;}\">\n\t\t\t\t\t<div class=\"e-con-inner\">\n\t\t<div class=\"elementor-element elementor-element-7985588 e-con-full e-flex e-con e-child\" data-id=\"7985588\" data-element_type=\"container\" data-e-type=\"container\" data-settings=\"{&quot;background_background&quot;:&quot;classic&quot;}\">\n\t\t\t\t<div class=\"elementor-element elementor-element-65ece60 elementor-widget elementor-widget-spacer\" data-id=\"65ece60\" data-element_type=\"widget\" data-e-type=\"widget\" data-widget_type=\"spacer.default\">\n\t\t\t\t\t\t\t<div class=\"elementor-spacer\">\n\t\t\t<div class=\"elementor-spacer-inner\"><\/div>\n\t\t<\/div>\n\t\t\t\t\t\t<\/div>\n\t\t\t\t<\/div>\n\t\t<div class=\"elementor-element elementor-element-46e278b e-con-full e-flex e-con e-child\" data-id=\"46e278b\" data-element_type=\"container\" data-e-type=\"container\">\n\t\t\t\t<div class=\"elementor-element elementor-element-67bafc8 elementor-invisible elementor-widget elementor-widget-heading\" data-id=\"67bafc8\" data-element_type=\"widget\" data-e-type=\"widget\" data-settings=\"{&quot;_animation&quot;:&quot;fadeInUp&quot;}\" data-widget_type=\"heading.default\">\n\t\t\t\t\t<h2 class=\"elementor-heading-title elementor-size-default\">Unsere Dienstleistungen<\/h2>\t\t\t\t<\/div>\n\t\t\t\t<div class=\"elementor-element elementor-element-482a12d elementor-invisible elementor-widget elementor-widget-heading\" data-id=\"482a12d\" data-element_type=\"widget\" data-e-type=\"widget\" data-settings=\"{&quot;_animation&quot;:&quot;fadeInUp&quot;,&quot;_animation_delay&quot;:200}\" data-widget_type=\"heading.default\">\n\t\t\t\t\t<h3 class=\"elementor-heading-title elementor-size-default\">Unsere Dienstleistungen umfassen<\/h3>\t\t\t\t<\/div>\n\t\t\t\t<div class=\"elementor-element elementor-element-497163e elementor-widget elementor-widget-spacer\" data-id=\"497163e\" data-element_type=\"widget\" data-e-type=\"widget\" data-widget_type=\"spacer.default\">\n\t\t\t\t\t\t\t<div class=\"elementor-spacer\">\n\t\t\t<div class=\"elementor-spacer-inner\"><\/div>\n\t\t<\/div>\n\t\t\t\t\t\t<\/div>\n\t\t<div class=\"elementor-element elementor-element-02d6c32 e-con-full e-flex e-con e-child\" data-id=\"02d6c32\" data-element_type=\"container\" data-e-type=\"container\">\n\t\t\t\t<div class=\"elementor-element elementor-element-9f86ce9 elementor-widget elementor-widget-heading\" data-id=\"9f86ce9\" data-element_type=\"widget\" data-e-type=\"widget\" data-widget_type=\"heading.default\">\n\t\t\t\t\t<h3 class=\"elementor-heading-title elementor-size-default\">01<\/h3>\t\t\t\t<\/div>\n\t\t\t\t<div class=\"elementor-element elementor-element-004f713 elementor-widget elementor-widget-icon-box\" data-id=\"004f713\" data-element_type=\"widget\" data-e-type=\"widget\" data-widget_type=\"icon-box.default\">\n\t\t\t\t\t\t\t<div class=\"elementor-icon-box-wrapper\">\n\n\t\t\t\n\t\t\t\t\t\t<div class=\"elementor-icon-box-content\">\n\n\t\t\t\t\t\t\t\t\t<h4 class=\"elementor-icon-box-title\">\n\t\t\t\t\t\t<span  >\n\t\t\t\t\t\t\tGemeindekrankenschwester\t\t\t\t\t\t<\/span>\n\t\t\t\t\t<\/h4>\n\t\t\t\t\n\t\t\t\t\t\t\t\t\t<p class=\"elementor-icon-box-description\">\n\t\t\t\t\t\tDie medizinischen Fachkr\u00e4fte bieten personalisierte Pflege direkt im Zuhause des Patienten an.\t\t\t\t\t<\/p>\n\t\t\t\t\n\t\t\t<\/div>\n\t\t\t\n\t\t<\/div>\n\t\t\t\t\t\t<\/div>\n\t\t\t\t<div class=\"elementor-element elementor-element-a364d9b elementor-view-default elementor-widget elementor-widget-icon\" data-id=\"a364d9b\" data-element_type=\"widget\" data-e-type=\"widget\" data-widget_type=\"icon.default\">\n\t\t\t\t\t\t\t<div class=\"elementor-icon-wrapper\">\n\t\t\t<a class=\"elementor-icon elementor-animation-pulse\" href=\"\/de\/uslugi\/#msz\">\n\t\t\t<i aria-hidden=\"true\" class=\"icon icon-chevron-right-circle\"><\/i>\t\t\t<\/a>\n\t\t<\/div>\n\t\t\t\t\t\t<\/div>\n\t\t\t\t<\/div>\n\t\t<div class=\"elementor-element elementor-element-2b7c6cd e-con-full e-flex e-con e-child\" data-id=\"2b7c6cd\" data-element_type=\"container\" data-e-type=\"container\">\n\t\t\t\t<div class=\"elementor-element elementor-element-06e33f1 elementor-widget elementor-widget-heading\" data-id=\"06e33f1\" data-element_type=\"widget\" data-e-type=\"widget\" data-widget_type=\"heading.default\">\n\t\t\t\t\t<h3 class=\"elementor-heading-title elementor-size-default\">02<\/h3>\t\t\t\t<\/div>\n\t\t\t\t<div class=\"elementor-element elementor-element-9c18df6 elementor-widget elementor-widget-icon-box\" data-id=\"9c18df6\" data-element_type=\"widget\" data-e-type=\"widget\" data-widget_type=\"icon-box.default\">\n\t\t\t\t\t\t\t<div class=\"elementor-icon-box-wrapper\">\n\n\t\t\t\n\t\t\t\t\t\t<div class=\"elementor-icon-box-content\">\n\n\t\t\t\t\t\t\t\t\t<h4 class=\"elementor-icon-box-title\">\n\t\t\t\t\t\t<span  >\n\t\t\t\t\t\t\tPsychologe im Haus\t\t\t\t\t\t<\/span>\n\t\t\t\t\t<\/h4>\n\t\t\t\t\n\t\t\t\t\t\t\t\t\t<p class=\"elementor-icon-box-description\">\n\t\t\t\t\t\tPsychologische Unterst\u00fctzung zur Verbesserung der mentalen Gesundheit unserer Nutzer.\t\t\t\t\t<\/p>\n\t\t\t\t\n\t\t\t<\/div>\n\t\t\t\n\t\t<\/div>\n\t\t\t\t\t\t<\/div>\n\t\t\t\t<div class=\"elementor-element elementor-element-6c2066f elementor-view-default elementor-widget elementor-widget-icon\" data-id=\"6c2066f\" data-element_type=\"widget\" data-e-type=\"widget\" data-widget_type=\"icon.default\">\n\t\t\t\t\t\t\t<div class=\"elementor-icon-wrapper\">\n\t\t\t<a class=\"elementor-icon elementor-animation-pulse\" href=\"\/de\/uslugi\/#psiho\">\n\t\t\t<i aria-hidden=\"true\" class=\"icon icon-chevron-right-circle\"><\/i>\t\t\t<\/a>\n\t\t<\/div>\n\t\t\t\t\t\t<\/div>\n\t\t\t\t<\/div>\n\t\t<div class=\"elementor-element elementor-element-6358f47 e-con-full e-flex e-con e-child\" data-id=\"6358f47\" data-element_type=\"container\" data-e-type=\"container\">\n\t\t\t\t<div class=\"elementor-element elementor-element-4d8f924 elementor-widget elementor-widget-heading\" data-id=\"4d8f924\" data-element_type=\"widget\" data-e-type=\"widget\" data-widget_type=\"heading.default\">\n\t\t\t\t\t<h3 class=\"elementor-heading-title elementor-size-default\">03<\/h3>\t\t\t\t<\/div>\n\t\t\t\t<div class=\"elementor-element elementor-element-91a1157 elementor-widget elementor-widget-icon-box\" data-id=\"91a1157\" data-element_type=\"widget\" data-e-type=\"widget\" data-widget_type=\"icon-box.default\">\n\t\t\t\t\t\t\t<div class=\"elementor-icon-box-wrapper\">\n\n\t\t\t\n\t\t\t\t\t\t<div class=\"elementor-icon-box-content\">\n\n\t\t\t\t\t\t\t\t\t<h4 class=\"elementor-icon-box-title\">\n\t\t\t\t\t\t<span  >\n\t\t\t\t\t\t\tPhysiotherapeut zu Hause\t\t\t\t\t\t<\/span>\n\t\t\t\t\t<\/h4>\n\t\t\t\t\n\t\t\t\t\t\t\t\t\t<p class=\"elementor-icon-box-description\">\n\t\t\t\t\t\tBehandlung und Pr\u00e4vention von k\u00f6rperlichen Einschr\u00e4nkungen infolge von Krankheiten, Verletzungen oder anderen Beeintr\u00e4chtigungen.\t\t\t\t\t<\/p>\n\t\t\t\t\n\t\t\t<\/div>\n\t\t\t\n\t\t<\/div>\n\t\t\t\t\t\t<\/div>\n\t\t\t\t<div class=\"elementor-element elementor-element-6332beb elementor-view-default elementor-widget elementor-widget-icon\" data-id=\"6332beb\" data-element_type=\"widget\" data-e-type=\"widget\" data-widget_type=\"icon.default\">\n\t\t\t\t\t\t\t<div class=\"elementor-icon-wrapper\">\n\t\t\t<a class=\"elementor-icon elementor-animation-pulse\" href=\"\/de\/uslugi\/#ftd\">\n\t\t\t<i aria-hidden=\"true\" class=\"icon icon-chevron-right-circle\"><\/i>\t\t\t<\/a>\n\t\t<\/div>\n\t\t\t\t\t\t<\/div>\n\t\t\t\t<\/div>\n\t\t<div class=\"elementor-element elementor-element-a5469af e-con-full e-flex e-con e-child\" data-id=\"a5469af\" data-element_type=\"container\" data-e-type=\"container\">\n\t\t\t\t<div class=\"elementor-element elementor-element-35fafbb elementor-widget elementor-widget-heading\" data-id=\"35fafbb\" data-element_type=\"widget\" data-e-type=\"widget\" data-widget_type=\"heading.default\">\n\t\t\t\t\t<h3 class=\"elementor-heading-title elementor-size-default\">04<\/h3>\t\t\t\t<\/div>\n\t\t\t\t<div class=\"elementor-element elementor-element-9ea1441 elementor-widget elementor-widget-icon-box\" data-id=\"9ea1441\" data-element_type=\"widget\" data-e-type=\"widget\" data-widget_type=\"icon-box.default\">\n\t\t\t\t\t\t\t<div class=\"elementor-icon-box-wrapper\">\n\n\t\t\t\n\t\t\t\t\t\t<div class=\"elementor-icon-box-content\">\n\n\t\t\t\t\t\t\t\t\t<h4 class=\"elementor-icon-box-title\">\n\t\t\t\t\t\t<span  >\n\t\t\t\t\t\t\tSozialarbeiter im Haus\t\t\t\t\t\t<\/span>\n\t\t\t\t\t<\/h4>\n\t\t\t\t\n\t\t\t\t\t\t\t\t\t<p class=\"elementor-icon-box-description\">\n\t\t\t\t\t\tBew\u00e4ltigung psychosozialer Probleme und Erschlie\u00dfung von Gemeinschaftsressourcen.\t\t\t\t\t<\/p>\n\t\t\t\t\n\t\t\t<\/div>\n\t\t\t\n\t\t<\/div>\n\t\t\t\t\t\t<\/div>\n\t\t\t\t<div class=\"elementor-element elementor-element-98750f1 elementor-view-default elementor-widget elementor-widget-icon\" data-id=\"98750f1\" data-element_type=\"widget\" data-e-type=\"widget\" data-widget_type=\"icon.default\">\n\t\t\t\t\t\t\t<div class=\"elementor-icon-wrapper\">\n\t\t\t<a class=\"elementor-icon elementor-animation-pulse\" href=\"\/de\/uslugi\/#srd\">\n\t\t\t<i aria-hidden=\"true\" class=\"icon icon-chevron-right-circle\"><\/i>\t\t\t<\/a>\n\t\t<\/div>\n\t\t\t\t\t\t<\/div>\n\t\t\t\t<\/div>\n\t\t\t\t<\/div>\n\t\t\t\t\t<\/div>\n\t\t\t\t<\/div>\n\t\t<div class=\"elementor-element elementor-element-2e96a16 e-flex e-con-boxed e-con e-parent\" data-id=\"2e96a16\" data-element_type=\"container\" data-e-type=\"container\">\n\t\t\t\t\t<div class=\"e-con-inner\">\n\t\t<div class=\"elementor-element elementor-element-ebd65b1 e-con-full e-flex e-con e-child\" data-id=\"ebd65b1\" data-element_type=\"container\" data-e-type=\"container\">\n\t\t\t\t<div class=\"elementor-element elementor-element-8ef5209 elementor-widget elementor-widget-image-carousel\" data-id=\"8ef5209\" data-element_type=\"widget\" data-e-type=\"widget\" data-settings=\"{&quot;slides_to_show&quot;:&quot;4&quot;,&quot;slides_to_show_tablet&quot;:&quot;2&quot;,&quot;slides_to_show_mobile&quot;:&quot;1&quot;,&quot;navigation&quot;:&quot;none&quot;,&quot;autoplay_speed&quot;:1000,&quot;speed&quot;:1500,&quot;autoplay&quot;:&quot;yes&quot;,&quot;pause_on_hover&quot;:&quot;yes&quot;,&quot;pause_on_interaction&quot;:&quot;yes&quot;,&quot;infinite&quot;:&quot;yes&quot;}\" data-widget_type=\"image-carousel.default\">\n\t\t\t\t\t\t\t<div class=\"elementor-image-carousel-wrapper swiper\" role=\"region\" aria-roledescription=\"carousel\" aria-label=\"Image Carousel\" dir=\"ltr\">\n\t\t\t<div class=\"elementor-image-carousel swiper-wrapper\" aria-live=\"off\">\n\t\t\t\t\t\t\t\t<div class=\"swiper-slide\" role=\"group\" aria-roledescription=\"slide\" aria-label=\"1 of 4\"><figure class=\"swiper-slide-inner\"><img decoding=\"async\" class=\"swiper-slide-image\" src=\"https:\/\/transact.mk\/wp-content\/uploads\/2025\/05\/viber_image_2025-04-01_17-48-55-990-1024x333-1-300x98.png\" alt=\"viber_image_2025-04-01_17-48-55-990-1024x333\" \/><\/figure><\/div><div class=\"swiper-slide\" role=\"group\" aria-roledescription=\"slide\" aria-label=\"2 of 4\"><figure class=\"swiper-slide-inner\"><img decoding=\"async\" class=\"swiper-slide-image\" src=\"https:\/\/transact.mk\/wp-content\/uploads\/2025\/05\/regio1-300x112.png\" alt=\"\u0420\u0435\u0433\u0438\u043e1\" \/><\/figure><\/div><div class=\"swiper-slide\" role=\"group\" aria-roledescription=\"slide\" aria-label=\"3 of 4\"><figure class=\"swiper-slide-inner\"><img decoding=\"async\" class=\"swiper-slide-image\" src=\"https:\/\/transact.mk\/wp-content\/uploads\/2025\/05\/TransaktLogce.png\" alt=\"TransaktLogce\" \/><\/figure><\/div><div class=\"swiper-slide\" role=\"group\" aria-roledescription=\"slide\" aria-label=\"4 of 4\"><figure class=\"swiper-slide-inner\"><img decoding=\"async\" class=\"swiper-slide-image\" src=\"https:\/\/transact.mk\/wp-content\/uploads\/2025\/05\/LogoH-300x101.png\" alt=\"LogoH\" \/><\/figure><\/div>\t\t\t<\/div>\n\t\t\t\t\t\t\t\n\t\t\t\t\t\t\t\t\t<\/div>\n\t\t\t\t\t\t<\/div>\n\t\t\t\t<\/div>\n\t\t\t\t\t<\/div>\n\t\t\t\t<\/div>\n\t\t\t\t<\/div>","protected":false},"excerpt":{"rendered":"<p>\u0417\u0410 \u041d\u0410\u0421 \u041d\u043e\u0441\u0438\u043c\u0435 \u043f\u0440\u043e\u0444\u0435\u0441\u0438\u043e\u043d\u0430\u043b\u043d\u0430 \u0433\u0440\u0438\u0436\u0430 \u0438 \u0434\u043e\u0431\u0440\u0438 \u0441\u0440\u0446\u0430 \u0432\u043e \u0432\u0430\u0448\u0438\u043e\u0442 \u0434\u043e\u043c. \u041e\u0431\u0435\u0437\u0431\u0435\u0434\u0443\u0432\u0430\u045a\u0435\u0442\u043e \u043a\u0432\u0430\u043b\u0438\u0442\u0435\u0442\u043d\u0430 \u043d\u0435\u0433\u0430 \u0434\u043e\u043c\u0430 \u0435 \u043c\u0435\u0448\u0430\u0432\u0438\u043d\u0430 \u043e\u0434 \u0432\u0435\u0448\u0442\u0438\u043d\u0430, \u0441\u0440\u0446\u0435 \u0438 \u0447\u043e\u0432\u0435\u0447\u043d\u043e\u0441\u0442. \u0417\u0434\u0440\u0443\u0436\u0435\u043d\u0438\u0435\u0442\u043e \u0426\u0435\u043d\u0442\u0430\u0440 \u0437\u0430 \u0440\u0430\u0437\u0432\u043e\u0458 \u0438 \u0435\u0434\u0443\u043a\u0430\u0446\u0438\u0458\u0430 \u0446\u0435\u043b\u0438 \u0434\u0430 \u200b\u200b\u0441\u043e\u0437\u0434\u0430\u0434\u0435 \u043f\u0440\u043e\u0441\u043f\u0435\u0440\u0438\u0442\u0435\u0442\u043d\u0430, \u043f\u0440\u0430\u0432\u0438\u0447\u043d\u0430 \u0437\u0430\u0435\u0434\u043d\u0438\u0446\u0430 \u043a\u0430\u0434\u0435 \u0448\u0442\u043e \u0441\u0435\u043a\u043e\u0458 \u043f\u043e\u0435\u0434\u0438\u043d\u0435\u0446 \u0438\u043c\u0430 \u043f\u0440\u0438\u0441\u0442\u0430\u043f \u0434\u043e \u0441\u043e\u0447\u0443\u0432\u0441\u0442\u0432\u0438\u0442\u0435\u043b\u043d\u0430, \u0445\u043e\u043b\u0438\u0441\u0442\u0438\u0447\u043a\u0430 \u0433\u0440\u0438\u0436\u0430 \u0438 \u0440\u0435\u0441\u0443\u0440\u0441\u0438 \u043f\u043e\u0442\u0440\u0435\u0431\u043d\u0438 \u0437\u0430 \u0434\u0430 \u0436\u0438\u0432\u0435\u0435 \u0437\u0434\u0440\u0430\u0432 \u0438 \u0434\u043e\u0441\u0442\u043e\u0438\u043d\u0441\u0442\u0432\u0435\u043d \u0436\u0438\u0432\u043e\u0442. \u041d\u0430\u0448\u0430\u0442\u0430 [&hellip;]<\/p>\n","protected":false},"author":1,"featured_media":0,"parent":0,"menu_order":0,"comment_status":"closed","ping_status":"closed","template":"","meta":{"footnotes":""},"class_list":["post-441","page","type-page","status-publish","hentry"],"_links":{"self":[{"href":"https:\/\/transact.mk\/de\/wp-json\/wp\/v2\/pages\/441","targetHints":{"allow":["GET"]}}],"collection":[{"href":"https:\/\/transact.mk\/de\/wp-json\/wp\/v2\/pages"}],"about":[{"href":"https:\/\/transact.mk\/de\/wp-json\/wp\/v2\/types\/page"}],"author":[{"embeddable":true,"href":"https:\/\/transact.mk\/de\/wp-json\/wp\/v2\/users\/1"}],"replies":[{"embeddable":true,"href":"https:\/\/transact.mk\/de\/wp-json\/wp\/v2\/comments?post=441"}],"version-history":[{"count":46,"href":"https:\/\/transact.mk\/de\/wp-json\/wp\/v2\/pages\/441\/revisions"}],"predecessor-version":[{"id":965,"href":"https:\/\/transact.mk\/de\/wp-json\/wp\/v2\/pages\/441\/revisions\/965"}],"wp:attachment":[{"href":"https:\/\/transact.mk\/de\/wp-json\/wp\/v2\/media?parent=441"}],"curies":[{"name":"wp","href":"https:\/\/api.w.org\/{rel}","templated":true}]}}