{"id":441,"date":"2025-05-26T12:05:00","date_gmt":"2025-05-26T12:05:00","guid":{"rendered":"https:\/\/transact.mk\/?page_id=441"},"modified":"2026-02-18T21:44:11","modified_gmt":"2026-02-18T21:44:11","slug":"za-nas","status":"publish","type":"page","link":"https:\/\/transact.mk\/sq\/za-nas\/","title":{"rendered":"Rreth Nesh"},"content":{"rendered":"<div data-elementor-type=\"wp-page\" data-elementor-id=\"441\" class=\"elementor elementor-441\" data-elementor-post-type=\"page\">\n\t\t\t\t<div class=\"elementor-element elementor-element-bde59a5 e-flex e-con-boxed e-con e-parent\" data-id=\"bde59a5\" data-element_type=\"container\" data-e-type=\"container\" data-settings=\"{&quot;background_background&quot;:&quot;classic&quot;}\">\n\t\t\t\t\t<div class=\"e-con-inner\">\n\t\t<div class=\"elementor-element elementor-element-658aa29 elementor-hidden-mobile e-con-full e-flex e-con e-child\" data-id=\"658aa29\" data-element_type=\"container\" data-e-type=\"container\">\n\t\t\t\t<\/div>\n\t\t<div class=\"elementor-element elementor-element-c30b8e3 e-con-full e-flex e-con e-child\" data-id=\"c30b8e3\" data-element_type=\"container\" data-e-type=\"container\">\n\t\t\t\t<div class=\"elementor-element elementor-element-15f88c7 elementor-widget elementor-widget-heading\" data-id=\"15f88c7\" data-element_type=\"widget\" data-e-type=\"widget\" data-widget_type=\"heading.default\">\n\t\t\t\t\t<h2 class=\"elementor-heading-title elementor-size-default\">P\u00cbR NE<\/h2>\t\t\t\t<\/div>\n\t\t\t\t<div class=\"elementor-element elementor-element-1bc32c7 elementor-widget elementor-widget-heading\" data-id=\"1bc32c7\" data-element_type=\"widget\" data-e-type=\"widget\" data-widget_type=\"heading.default\">\n\t\t\t\t\t<h1 class=\"elementor-heading-title elementor-size-default\">Ne sjellim kujdes profesional dhe zemra t\u00eb mira n\u00eb sht\u00ebpin\u00eb tuaj.<\/h1>\t\t\t\t<\/div>\n\t\t\t\t<\/div>\n\t\t\t\t\t<\/div>\n\t\t\t\t<\/div>\n\t\t<div class=\"elementor-element elementor-element-b26ef17 e-flex e-con-boxed e-con e-parent\" data-id=\"b26ef17\" data-element_type=\"container\" data-e-type=\"container\">\n\t\t\t\t\t<div class=\"e-con-inner\">\n\t\t<div class=\"elementor-element elementor-element-17618f7 e-con-full e-flex e-con e-child\" data-id=\"17618f7\" data-element_type=\"container\" data-e-type=\"container\">\n\t\t\t\t<div class=\"elementor-element elementor-element-06cda33 elementor-invisible elementor-widget elementor-widget-heading\" data-id=\"06cda33\" data-element_type=\"widget\" data-e-type=\"widget\" data-settings=\"{&quot;_animation&quot;:&quot;fadeInUp&quot;,&quot;_animation_delay&quot;:200}\" data-widget_type=\"heading.default\">\n\t\t\t\t\t<h3 class=\"elementor-heading-title elementor-size-default\">Ofrimi i kujdesit cil\u00ebsor n\u00eb sht\u00ebpi \u00ebsht\u00eb nj\u00eb p\u00ebrzierje e aft\u00ebsive, zemr\u00ebs dhe njer\u00ebzis\u00eb.<\/h3>\t\t\t\t<\/div>\n\t\t\t\t<div class=\"elementor-element elementor-element-4179b99 elementor-widget elementor-widget-text-editor\" data-id=\"4179b99\" data-element_type=\"widget\" data-e-type=\"widget\" data-widget_type=\"text-editor.default\">\n\t\t\t\t\t\t\t\t\t<p>Zgjedhja Qendra p\u00ebr Zhvillim dhe Edukim ka si q\u00ebllim t\u00eb krijoj\u00eb nj\u00eb bashk\u00ebsi prosperuese dhe t\u00eb drejt\u00eb, ku \u00e7do individ ka qasje n\u00eb kujdes dhembshur dhe holistik, si dhe burimet e nevojshme p\u00ebr t\u00eb jetuar nj\u00eb jet\u00eb t\u00eb sh\u00ebndetshme dhe t\u00eb denj\u00eb.<\/p>\t\t\t\t\t\t\t\t<\/div>\n\t\t\t\t<div class=\"elementor-element elementor-element-e7ff56b elementor-widget elementor-widget-heading\" data-id=\"e7ff56b\" data-element_type=\"widget\" data-e-type=\"widget\" data-widget_type=\"heading.default\">\n\t\t\t\t\t<h3 class=\"elementor-heading-title elementor-size-default\">Misioni yn\u00eb \u00ebsht\u00eb t\u00eb p\u00ebrmir\u00ebsojm\u00eb mir\u00ebqenien e individ\u00ebve dhe komuniteteve n\u00eb komunat e Prilepit, Krivogashtanit dhe Dolnenit duke ofruar sh\u00ebrbime sociale dhe sh\u00ebndet\u00ebsore t\u00eb arritshme, t\u00eb dhembshura dhe gjith\u00ebp\u00ebrfshir\u00ebse. Jemi t\u00eb p\u00ebrkushtuar p\u00ebr fuqizimin e njer\u00ebzve, ve\u00e7an\u00ebrisht atyre n\u00eb rrezik social, p\u00ebrmes mb\u00ebshtetjes dhe kujdesit q\u00eb promovojn\u00eb mir\u00ebqenien fizike, emocionale dhe sociale.<\/h3>\t\t\t\t<\/div>\n\t\t<div class=\"elementor-element elementor-element-aace69d e-con-full e-flex e-con e-child\" data-id=\"aace69d\" data-element_type=\"container\" data-e-type=\"container\">\n\t\t<div class=\"elementor-element elementor-element-a539e49 e-con-full e-flex elementor-invisible e-con e-child\" data-id=\"a539e49\" data-element_type=\"container\" data-e-type=\"container\" data-settings=\"{&quot;background_background&quot;:&quot;classic&quot;,&quot;animation&quot;:&quot;fadeInLeft&quot;}\">\n\t\t\t\t<\/div>\n\t\t<div class=\"elementor-element elementor-element-680f42c e-con-full e-flex e-con e-child\" data-id=\"680f42c\" data-element_type=\"container\" data-e-type=\"container\">\n\t\t\t\t<div class=\"elementor-element elementor-element-bf82d5d elementor-widget elementor-widget-text-editor\" data-id=\"bf82d5d\" data-element_type=\"widget\" data-e-type=\"widget\" data-widget_type=\"text-editor.default\">\n\t\t\t\t\t\t\t\t\t<p>Q\u00ebllimi i sh\u00ebrbimeve tona \u00ebsht\u00eb t\u00eb p\u00ebrmir\u00ebsoj\u00eb mir\u00ebqenien e individ\u00ebve, familjeve dhe komuniteteve duke ofruar:<\/p>\t\t\t\t\t\t\t\t<\/div>\n\t\t\t\t<div class=\"elementor-element elementor-element-422b151 elementor-widget elementor-widget-icon-box\" data-id=\"422b151\" data-element_type=\"widget\" data-e-type=\"widget\" data-widget_type=\"icon-box.default\">\n\t\t\t\t\t\t\t<div class=\"elementor-icon-box-wrapper\">\n\n\t\t\t\n\t\t\t\t\t\t<div class=\"elementor-icon-box-content\">\n\n\t\t\t\t\t\t\t\t\t<h4 class=\"elementor-icon-box-title\">\n\t\t\t\t\t\t<span  >\n\t\t\t\t\t\t\tMb\u00ebshtetje p\u00ebr individ\u00ebt dhe familjet q\u00eb jetojn\u00eb n\u00eb varf\u00ebri\t\t\t\t\t\t<\/span>\n\t\t\t\t\t<\/h4>\n\t\t\t\t\n\t\t\t\t\n\t\t\t<\/div>\n\t\t\t\n\t\t<\/div>\n\t\t\t\t\t\t<\/div>\n\t\t\t\t<div class=\"elementor-element elementor-element-3d224b6 elementor-widget elementor-widget-icon-box\" data-id=\"3d224b6\" data-element_type=\"widget\" data-e-type=\"widget\" data-widget_type=\"icon-box.default\">\n\t\t\t\t\t\t\t<div class=\"elementor-icon-box-wrapper\">\n\n\t\t\t\n\t\t\t\t\t\t<div class=\"elementor-icon-box-content\">\n\n\t\t\t\t\t\t\t\t\t<h4 class=\"elementor-icon-box-title\">\n\t\t\t\t\t\t<span  >\n\t\t\t\t\t\t\tMb\u00ebshtetje p\u00ebr individ\u00ebt dhe familjet q\u00eb jetojn\u00eb n\u00eb zonat rurale dhe p\u00ebrballen me akses t\u00eb kufizuar n\u00eb kujdesin social dhe sh\u00ebndet\u00ebsor\t\t\t\t\t\t<\/span>\n\t\t\t\t\t<\/h4>\n\t\t\t\t\n\t\t\t\t\n\t\t\t<\/div>\n\t\t\t\n\t\t<\/div>\n\t\t\t\t\t\t<\/div>\n\t\t\t\t<div class=\"elementor-element elementor-element-8280828 elementor-widget elementor-widget-icon-box\" data-id=\"8280828\" data-element_type=\"widget\" data-e-type=\"widget\" data-widget_type=\"icon-box.default\">\n\t\t\t\t\t\t\t<div class=\"elementor-icon-box-wrapper\">\n\n\t\t\t\n\t\t\t\t\t\t<div class=\"elementor-icon-box-content\">\n\n\t\t\t\t\t\t\t\t\t<h4 class=\"elementor-icon-box-title\">\n\t\t\t\t\t\t<span  >\n\t\t\t\t\t\t\tRrjet\u00ebzimi i sektorit publik, privat dhe civil p\u00ebr nd\u00ebrtimin e komuniteteve p\u00ebrfshir\u00ebse dhe t\u00eb drejta\t\t\t\t\t\t<\/span>\n\t\t\t\t\t<\/h4>\n\t\t\t\t\n\t\t\t\t\n\t\t\t<\/div>\n\t\t\t\n\t\t<\/div>\n\t\t\t\t\t\t<\/div>\n\t\t\t\t<\/div>\n\t\t\t\t<\/div>\n\t\t\t\t<\/div>\n\t\t<div class=\"elementor-element elementor-element-cebf447 e-con-full e-flex e-con e-child\" data-id=\"cebf447\" data-element_type=\"container\" data-e-type=\"container\">\n\t\t\t\t<div class=\"elementor-element elementor-element-219a02b elementor-widget elementor-widget-image\" data-id=\"219a02b\" data-element_type=\"widget\" data-e-type=\"widget\" data-widget_type=\"image.default\">\n\t\t\t\t\t\t\t\t\t\t\t\t\t\t\t<img decoding=\"async\" src=\"https:\/\/transact.mk\/wp-content\/uploads\/elementor\/thumbs\/Trancact022-r68ktme7fy6nerg4sc6oqzw9pvef77a7m89hm8au68.jpg\" title=\"Senior patient giving a gift to her doctor\" alt=\"Grateful senior female patient giving a gift to her female doctor\" loading=\"lazy\" \/>\t\t\t\t\t\t\t\t\t\t\t\t\t\t\t<\/div>\n\t\t\t\t<div class=\"elementor-element elementor-element-26a2f79 elementor-invisible elementor-widget elementor-widget-image\" data-id=\"26a2f79\" data-element_type=\"widget\" data-e-type=\"widget\" data-settings=\"{&quot;_animation&quot;:&quot;fadeInUp&quot;}\" data-widget_type=\"image.default\">\n\t\t\t\t\t\t\t\t\t\t\t\t\t\t\t<img decoding=\"async\" src=\"https:\/\/transact.mk\/wp-content\/uploads\/elementor\/thumbs\/Trancact006-r68kst97k31mhnxvuc8c1hkyj8hn0t45z91roqg3g0.jpg\" title=\"Doctor taking temperature to senior woman\" alt=\"Female doctor taking temperature to senior woman at home\" loading=\"lazy\" \/>\t\t\t\t\t\t\t\t\t\t\t\t\t\t\t<\/div>\n\t\t\t\t<div class=\"elementor-element elementor-element-c7a34bd elementor-widget elementor-widget-heading\" data-id=\"c7a34bd\" data-element_type=\"widget\" data-e-type=\"widget\" data-widget_type=\"heading.default\">\n\t\t\t\t\t<h5 class=\"elementor-heading-title elementor-size-default\">Deri m\u00eb tani, kemi siguruar<\/h5>\t\t\t\t<\/div>\n\t\t<div class=\"elementor-element elementor-element-eb113bb e-con-full e-flex elementor-invisible e-con e-child\" data-id=\"eb113bb\" data-element_type=\"container\" data-e-type=\"container\" data-settings=\"{&quot;background_background&quot;:&quot;classic&quot;,&quot;animation&quot;:&quot;fadeInUp&quot;}\">\n\t\t\t\t<div class=\"elementor-element elementor-element-1283a88 elementor-widget elementor-widget-heading\" data-id=\"1283a88\" data-element_type=\"widget\" data-e-type=\"widget\" data-widget_type=\"heading.default\">\n\t\t\t\t\t<h4 class=\"elementor-heading-title elementor-size-default\">Mb\u00ebshtetje<\/h4>\t\t\t\t<\/div>\n\t\t\t\t<div class=\"elementor-element elementor-element-c531add elementor-widget elementor-widget-counter\" data-id=\"c531add\" data-element_type=\"widget\" data-e-type=\"widget\" data-widget_type=\"counter.default\">\n\t\t\t\t\t\t\t<div class=\"elementor-counter\">\n\t\t\t<div class=\"elementor-counter-title translation-block\">Persona dhe familje t\u00eb cenueshme sociale<\/div>\t\t\t<div class=\"elementor-counter-number-wrapper\">\n\t\t\t\t<span class=\"elementor-counter-number-prefix\"><\/span>\n\t\t\t\t<span class=\"elementor-counter-number\" data-duration=\"2000\" data-to-value=\"434\" data-from-value=\"0\" data-delimiter=\",\">0<\/span>\n\t\t\t\t<span class=\"elementor-counter-number-suffix\">+<\/span>\n\t\t\t<\/div>\n\t\t<\/div>\n\t\t\t\t\t\t<\/div>\n\t\t\t\t<\/div>\n\t\t<div class=\"elementor-element elementor-element-ba4bc72 e-con-full e-flex elementor-invisible e-con e-child\" data-id=\"ba4bc72\" data-element_type=\"container\" data-e-type=\"container\" data-settings=\"{&quot;background_background&quot;:&quot;classic&quot;,&quot;animation&quot;:&quot;fadeInUp&quot;}\">\n\t\t\t\t<div class=\"elementor-element elementor-element-d2fe42c elementor-widget elementor-widget-heading\" data-id=\"d2fe42c\" data-element_type=\"widget\" data-e-type=\"widget\" data-widget_type=\"heading.default\">\n\t\t\t\t\t<h4 class=\"elementor-heading-title elementor-size-default translation-block\">Paketa<br>sociale p\u00ebr<\/h4>\t\t\t\t<\/div>\n\t\t\t\t<div class=\"elementor-element elementor-element-6bce720 elementor-widget__width-auto elementor-widget elementor-widget-counter\" data-id=\"6bce720\" data-element_type=\"widget\" data-e-type=\"widget\" data-widget_type=\"counter.default\">\n\t\t\t\t\t\t\t<div class=\"elementor-counter\">\n\t\t\t<div class=\"elementor-counter-title\">individ\u00ebt dhe familjet<\/div>\t\t\t<div class=\"elementor-counter-number-wrapper\">\n\t\t\t\t<span class=\"elementor-counter-number-prefix\"><\/span>\n\t\t\t\t<span class=\"elementor-counter-number\" data-duration=\"2000\" data-to-value=\"700\" data-from-value=\"0\" data-delimiter=\",\">0<\/span>\n\t\t\t\t<span class=\"elementor-counter-number-suffix\"><\/span>\n\t\t\t<\/div>\n\t\t<\/div>\n\t\t\t\t\t\t<\/div>\n\t\t\t\t<\/div>\n\t\t\t\t<\/div>\n\t\t\t\t\t<\/div>\n\t\t\t\t<\/div>\n\t\t<div class=\"elementor-element elementor-element-1845b03 e-flex e-con-boxed e-con e-parent\" data-id=\"1845b03\" data-element_type=\"container\" data-e-type=\"container\" data-settings=\"{&quot;background_background&quot;:&quot;classic&quot;}\">\n\t\t\t\t\t<div class=\"e-con-inner\">\n\t\t<div class=\"elementor-element elementor-element-7985588 e-con-full e-flex e-con e-child\" data-id=\"7985588\" data-element_type=\"container\" data-e-type=\"container\" data-settings=\"{&quot;background_background&quot;:&quot;classic&quot;}\">\n\t\t\t\t<div class=\"elementor-element elementor-element-65ece60 elementor-widget elementor-widget-spacer\" data-id=\"65ece60\" data-element_type=\"widget\" data-e-type=\"widget\" data-widget_type=\"spacer.default\">\n\t\t\t\t\t\t\t<div class=\"elementor-spacer\">\n\t\t\t<div class=\"elementor-spacer-inner\"><\/div>\n\t\t<\/div>\n\t\t\t\t\t\t<\/div>\n\t\t\t\t<\/div>\n\t\t<div class=\"elementor-element elementor-element-46e278b e-con-full e-flex e-con e-child\" data-id=\"46e278b\" data-element_type=\"container\" data-e-type=\"container\">\n\t\t\t\t<div class=\"elementor-element elementor-element-67bafc8 elementor-invisible elementor-widget elementor-widget-heading\" data-id=\"67bafc8\" data-element_type=\"widget\" data-e-type=\"widget\" data-settings=\"{&quot;_animation&quot;:&quot;fadeInUp&quot;}\" data-widget_type=\"heading.default\">\n\t\t\t\t\t<h2 class=\"elementor-heading-title elementor-size-default\">Sh\u00ebrbimet tona<\/h2>\t\t\t\t<\/div>\n\t\t\t\t<div class=\"elementor-element elementor-element-482a12d elementor-invisible elementor-widget elementor-widget-heading\" data-id=\"482a12d\" data-element_type=\"widget\" data-e-type=\"widget\" data-settings=\"{&quot;_animation&quot;:&quot;fadeInUp&quot;,&quot;_animation_delay&quot;:200}\" data-widget_type=\"heading.default\">\n\t\t\t\t\t<h3 class=\"elementor-heading-title elementor-size-default\">Sh\u00ebrbimet tona p\u00ebrfshijn\u00eb<\/h3>\t\t\t\t<\/div>\n\t\t\t\t<div class=\"elementor-element elementor-element-497163e elementor-widget elementor-widget-spacer\" data-id=\"497163e\" data-element_type=\"widget\" data-e-type=\"widget\" data-widget_type=\"spacer.default\">\n\t\t\t\t\t\t\t<div class=\"elementor-spacer\">\n\t\t\t<div class=\"elementor-spacer-inner\"><\/div>\n\t\t<\/div>\n\t\t\t\t\t\t<\/div>\n\t\t<div class=\"elementor-element elementor-element-02d6c32 e-con-full e-flex e-con e-child\" data-id=\"02d6c32\" data-element_type=\"container\" data-e-type=\"container\">\n\t\t\t\t<div class=\"elementor-element elementor-element-9f86ce9 elementor-widget elementor-widget-heading\" data-id=\"9f86ce9\" data-element_type=\"widget\" data-e-type=\"widget\" data-widget_type=\"heading.default\">\n\t\t\t\t\t<h3 class=\"elementor-heading-title elementor-size-default\">01<\/h3>\t\t\t\t<\/div>\n\t\t\t\t<div class=\"elementor-element elementor-element-004f713 elementor-widget elementor-widget-icon-box\" data-id=\"004f713\" data-element_type=\"widget\" data-e-type=\"widget\" data-widget_type=\"icon-box.default\">\n\t\t\t\t\t\t\t<div class=\"elementor-icon-box-wrapper\">\n\n\t\t\t\n\t\t\t\t\t\t<div class=\"elementor-icon-box-content\">\n\n\t\t\t\t\t\t\t\t\t<h4 class=\"elementor-icon-box-title\">\n\t\t\t\t\t\t<span  >\n\t\t\t\t\t\t\tInfermierja n\u00eb komunitet\t\t\t\t\t\t<\/span>\n\t\t\t\t\t<\/h4>\n\t\t\t\t\n\t\t\t\t\t\t\t\t\t<p class=\"elementor-icon-box-description\">\n\t\t\t\t\t\tEkspert\u00ebt mjek\u00ebsor\u00eb ofrojn\u00eb kujdes t\u00eb personalizuar direkt n\u00eb sht\u00ebpin\u00eb e pacientit\t\t\t\t\t<\/p>\n\t\t\t\t\n\t\t\t<\/div>\n\t\t\t\n\t\t<\/div>\n\t\t\t\t\t\t<\/div>\n\t\t\t\t<div class=\"elementor-element elementor-element-a364d9b elementor-view-default elementor-widget elementor-widget-icon\" data-id=\"a364d9b\" data-element_type=\"widget\" data-e-type=\"widget\" data-widget_type=\"icon.default\">\n\t\t\t\t\t\t\t<div class=\"elementor-icon-wrapper\">\n\t\t\t<a class=\"elementor-icon elementor-animation-pulse\" href=\"\/sq\/uslugi\/#msz\">\n\t\t\t<i aria-hidden=\"true\" class=\"icon icon-chevron-right-circle\"><\/i>\t\t\t<\/a>\n\t\t<\/div>\n\t\t\t\t\t\t<\/div>\n\t\t\t\t<\/div>\n\t\t<div class=\"elementor-element elementor-element-2b7c6cd e-con-full e-flex e-con e-child\" data-id=\"2b7c6cd\" data-element_type=\"container\" data-e-type=\"container\">\n\t\t\t\t<div class=\"elementor-element elementor-element-06e33f1 elementor-widget elementor-widget-heading\" data-id=\"06e33f1\" data-element_type=\"widget\" data-e-type=\"widget\" data-widget_type=\"heading.default\">\n\t\t\t\t\t<h3 class=\"elementor-heading-title elementor-size-default\">02<\/h3>\t\t\t\t<\/div>\n\t\t\t\t<div class=\"elementor-element elementor-element-9c18df6 elementor-widget elementor-widget-icon-box\" data-id=\"9c18df6\" data-element_type=\"widget\" data-e-type=\"widget\" data-widget_type=\"icon-box.default\">\n\t\t\t\t\t\t\t<div class=\"elementor-icon-box-wrapper\">\n\n\t\t\t\n\t\t\t\t\t\t<div class=\"elementor-icon-box-content\">\n\n\t\t\t\t\t\t\t\t\t<h4 class=\"elementor-icon-box-title\">\n\t\t\t\t\t\t<span  >\n\t\t\t\t\t\t\tPsikolog n\u00eb sht\u00ebpi\t\t\t\t\t\t<\/span>\n\t\t\t\t\t<\/h4>\n\t\t\t\t\n\t\t\t\t\t\t\t\t\t<p class=\"elementor-icon-box-description\">\n\t\t\t\t\t\tOfron mb\u00ebshtetje psikologjike p\u00ebr p\u00ebrmir\u00ebsimin e sh\u00ebndetit mendor t\u00eb p\u00ebrdoruesve tan\u00eb.\t\t\t\t\t<\/p>\n\t\t\t\t\n\t\t\t<\/div>\n\t\t\t\n\t\t<\/div>\n\t\t\t\t\t\t<\/div>\n\t\t\t\t<div class=\"elementor-element elementor-element-6c2066f elementor-view-default elementor-widget elementor-widget-icon\" data-id=\"6c2066f\" data-element_type=\"widget\" data-e-type=\"widget\" data-widget_type=\"icon.default\">\n\t\t\t\t\t\t\t<div class=\"elementor-icon-wrapper\">\n\t\t\t<a class=\"elementor-icon elementor-animation-pulse\" href=\"\/sq\/uslugi\/#psiho\">\n\t\t\t<i aria-hidden=\"true\" class=\"icon icon-chevron-right-circle\"><\/i>\t\t\t<\/a>\n\t\t<\/div>\n\t\t\t\t\t\t<\/div>\n\t\t\t\t<\/div>\n\t\t<div class=\"elementor-element elementor-element-6358f47 e-con-full e-flex e-con e-child\" data-id=\"6358f47\" data-element_type=\"container\" data-e-type=\"container\">\n\t\t\t\t<div class=\"elementor-element elementor-element-4d8f924 elementor-widget elementor-widget-heading\" data-id=\"4d8f924\" data-element_type=\"widget\" data-e-type=\"widget\" data-widget_type=\"heading.default\">\n\t\t\t\t\t<h3 class=\"elementor-heading-title elementor-size-default\">03<\/h3>\t\t\t\t<\/div>\n\t\t\t\t<div class=\"elementor-element elementor-element-91a1157 elementor-widget elementor-widget-icon-box\" data-id=\"91a1157\" data-element_type=\"widget\" data-e-type=\"widget\" data-widget_type=\"icon-box.default\">\n\t\t\t\t\t\t\t<div class=\"elementor-icon-box-wrapper\">\n\n\t\t\t\n\t\t\t\t\t\t<div class=\"elementor-icon-box-content\">\n\n\t\t\t\t\t\t\t\t\t<h4 class=\"elementor-icon-box-title\">\n\t\t\t\t\t\t<span  >\n\t\t\t\t\t\t\tFizioterapeut n\u00eb sht\u00ebpi\t\t\t\t\t\t<\/span>\n\t\t\t\t\t<\/h4>\n\t\t\t\t\n\t\t\t\t\t\t\t\t\t<p class=\"elementor-icon-box-description\">\n\t\t\t\t\t\tTrajtim dhe parandalim i kufizimeve fizike t\u00eb shkaktuara nga s\u00ebmundjet, l\u00ebndimet ose \u00e7rregullimet e tjera\t\t\t\t\t<\/p>\n\t\t\t\t\n\t\t\t<\/div>\n\t\t\t\n\t\t<\/div>\n\t\t\t\t\t\t<\/div>\n\t\t\t\t<div class=\"elementor-element elementor-element-6332beb elementor-view-default elementor-widget elementor-widget-icon\" data-id=\"6332beb\" data-element_type=\"widget\" data-e-type=\"widget\" data-widget_type=\"icon.default\">\n\t\t\t\t\t\t\t<div class=\"elementor-icon-wrapper\">\n\t\t\t<a class=\"elementor-icon elementor-animation-pulse\" href=\"\/sq\/uslugi\/#ftd\">\n\t\t\t<i aria-hidden=\"true\" class=\"icon icon-chevron-right-circle\"><\/i>\t\t\t<\/a>\n\t\t<\/div>\n\t\t\t\t\t\t<\/div>\n\t\t\t\t<\/div>\n\t\t<div class=\"elementor-element elementor-element-a5469af e-con-full e-flex e-con e-child\" data-id=\"a5469af\" data-element_type=\"container\" data-e-type=\"container\">\n\t\t\t\t<div class=\"elementor-element elementor-element-35fafbb elementor-widget elementor-widget-heading\" data-id=\"35fafbb\" data-element_type=\"widget\" data-e-type=\"widget\" data-widget_type=\"heading.default\">\n\t\t\t\t\t<h3 class=\"elementor-heading-title elementor-size-default\">04<\/h3>\t\t\t\t<\/div>\n\t\t\t\t<div class=\"elementor-element elementor-element-9ea1441 elementor-widget elementor-widget-icon-box\" data-id=\"9ea1441\" data-element_type=\"widget\" data-e-type=\"widget\" data-widget_type=\"icon-box.default\">\n\t\t\t\t\t\t\t<div class=\"elementor-icon-box-wrapper\">\n\n\t\t\t\n\t\t\t\t\t\t<div class=\"elementor-icon-box-content\">\n\n\t\t\t\t\t\t\t\t\t<h4 class=\"elementor-icon-box-title\">\n\t\t\t\t\t\t<span  >\n\t\t\t\t\t\t\tPun\u00ebtor social n\u00eb sht\u00ebpi\t\t\t\t\t\t<\/span>\n\t\t\t\t\t<\/h4>\n\t\t\t\t\n\t\t\t\t\t\t\t\t\t<p class=\"elementor-icon-box-description\">\n\t\t\t\t\t\tMenaxhon \u00e7\u00ebshtjet psikosociale dhe qasjen n\u00eb burimet e komunitetit.\t\t\t\t\t<\/p>\n\t\t\t\t\n\t\t\t<\/div>\n\t\t\t\n\t\t<\/div>\n\t\t\t\t\t\t<\/div>\n\t\t\t\t<div class=\"elementor-element elementor-element-98750f1 elementor-view-default elementor-widget elementor-widget-icon\" data-id=\"98750f1\" data-element_type=\"widget\" data-e-type=\"widget\" data-widget_type=\"icon.default\">\n\t\t\t\t\t\t\t<div class=\"elementor-icon-wrapper\">\n\t\t\t<a class=\"elementor-icon elementor-animation-pulse\" href=\"\/sq\/uslugi\/#srd\">\n\t\t\t<i aria-hidden=\"true\" class=\"icon icon-chevron-right-circle\"><\/i>\t\t\t<\/a>\n\t\t<\/div>\n\t\t\t\t\t\t<\/div>\n\t\t\t\t<\/div>\n\t\t\t\t<\/div>\n\t\t\t\t\t<\/div>\n\t\t\t\t<\/div>\n\t\t<div class=\"elementor-element elementor-element-2e96a16 e-flex e-con-boxed e-con e-parent\" data-id=\"2e96a16\" data-element_type=\"container\" data-e-type=\"container\">\n\t\t\t\t\t<div class=\"e-con-inner\">\n\t\t<div class=\"elementor-element elementor-element-ebd65b1 e-con-full e-flex e-con e-child\" data-id=\"ebd65b1\" data-element_type=\"container\" data-e-type=\"container\">\n\t\t\t\t<div class=\"elementor-element elementor-element-8ef5209 elementor-widget elementor-widget-image-carousel\" data-id=\"8ef5209\" data-element_type=\"widget\" data-e-type=\"widget\" data-settings=\"{&quot;slides_to_show&quot;:&quot;4&quot;,&quot;slides_to_show_tablet&quot;:&quot;2&quot;,&quot;slides_to_show_mobile&quot;:&quot;1&quot;,&quot;navigation&quot;:&quot;none&quot;,&quot;autoplay_speed&quot;:1000,&quot;speed&quot;:1500,&quot;autoplay&quot;:&quot;yes&quot;,&quot;pause_on_hover&quot;:&quot;yes&quot;,&quot;pause_on_interaction&quot;:&quot;yes&quot;,&quot;infinite&quot;:&quot;yes&quot;}\" data-widget_type=\"image-carousel.default\">\n\t\t\t\t\t\t\t<div class=\"elementor-image-carousel-wrapper swiper\" role=\"region\" aria-roledescription=\"carousel\" aria-label=\"Image Carousel\" dir=\"ltr\">\n\t\t\t<div class=\"elementor-image-carousel swiper-wrapper\" aria-live=\"off\">\n\t\t\t\t\t\t\t\t<div class=\"swiper-slide\" role=\"group\" aria-roledescription=\"slide\" aria-label=\"1 of 4\"><figure class=\"swiper-slide-inner\"><img decoding=\"async\" class=\"swiper-slide-image\" src=\"https:\/\/transact.mk\/wp-content\/uploads\/2025\/05\/viber_image_2025-04-01_17-48-55-990-1024x333-1-300x98.png\" alt=\"viber_image_2025-04-01_17-48-55-990-1024x333\" \/><\/figure><\/div><div class=\"swiper-slide\" role=\"group\" aria-roledescription=\"slide\" aria-label=\"2 of 4\"><figure class=\"swiper-slide-inner\"><img decoding=\"async\" class=\"swiper-slide-image\" src=\"https:\/\/transact.mk\/wp-content\/uploads\/2025\/05\/regio1-300x112.png\" alt=\"\u0420\u0435\u0433\u0438\u043e1\" \/><\/figure><\/div><div class=\"swiper-slide\" role=\"group\" aria-roledescription=\"slide\" aria-label=\"3 of 4\"><figure class=\"swiper-slide-inner\"><img decoding=\"async\" class=\"swiper-slide-image\" src=\"https:\/\/transact.mk\/wp-content\/uploads\/2025\/05\/TransaktLogce.png\" alt=\"TransaktLogce\" \/><\/figure><\/div><div class=\"swiper-slide\" role=\"group\" aria-roledescription=\"slide\" aria-label=\"4 of 4\"><figure class=\"swiper-slide-inner\"><img decoding=\"async\" class=\"swiper-slide-image\" src=\"https:\/\/transact.mk\/wp-content\/uploads\/2025\/05\/LogoH-300x101.png\" alt=\"LogoH\" \/><\/figure><\/div>\t\t\t<\/div>\n\t\t\t\t\t\t\t\n\t\t\t\t\t\t\t\t\t<\/div>\n\t\t\t\t\t\t<\/div>\n\t\t\t\t<\/div>\n\t\t\t\t\t<\/div>\n\t\t\t\t<\/div>\n\t\t\t\t<\/div>","protected":false},"excerpt":{"rendered":"<p>\u0417\u0410 \u041d\u0410\u0421 \u041d\u043e\u0441\u0438\u043c\u0435 \u043f\u0440\u043e\u0444\u0435\u0441\u0438\u043e\u043d\u0430\u043b\u043d\u0430 \u0433\u0440\u0438\u0436\u0430 \u0438 \u0434\u043e\u0431\u0440\u0438 \u0441\u0440\u0446\u0430 \u0432\u043e \u0432\u0430\u0448\u0438\u043e\u0442 \u0434\u043e\u043c. \u041e\u0431\u0435\u0437\u0431\u0435\u0434\u0443\u0432\u0430\u045a\u0435\u0442\u043e \u043a\u0432\u0430\u043b\u0438\u0442\u0435\u0442\u043d\u0430 \u043d\u0435\u0433\u0430 \u0434\u043e\u043c\u0430 \u0435 \u043c\u0435\u0448\u0430\u0432\u0438\u043d\u0430 \u043e\u0434 \u0432\u0435\u0448\u0442\u0438\u043d\u0430, \u0441\u0440\u0446\u0435 \u0438 \u0447\u043e\u0432\u0435\u0447\u043d\u043e\u0441\u0442. \u0417\u0434\u0440\u0443\u0436\u0435\u043d\u0438\u0435\u0442\u043e \u0426\u0435\u043d\u0442\u0430\u0440 \u0437\u0430 \u0440\u0430\u0437\u0432\u043e\u0458 \u0438 \u0435\u0434\u0443\u043a\u0430\u0446\u0438\u0458\u0430 \u0446\u0435\u043b\u0438 \u0434\u0430 \u200b\u200b\u0441\u043e\u0437\u0434\u0430\u0434\u0435 \u043f\u0440\u043e\u0441\u043f\u0435\u0440\u0438\u0442\u0435\u0442\u043d\u0430, \u043f\u0440\u0430\u0432\u0438\u0447\u043d\u0430 \u0437\u0430\u0435\u0434\u043d\u0438\u0446\u0430 \u043a\u0430\u0434\u0435 \u0448\u0442\u043e \u0441\u0435\u043a\u043e\u0458 \u043f\u043e\u0435\u0434\u0438\u043d\u0435\u0446 \u0438\u043c\u0430 \u043f\u0440\u0438\u0441\u0442\u0430\u043f \u0434\u043e \u0441\u043e\u0447\u0443\u0432\u0441\u0442\u0432\u0438\u0442\u0435\u043b\u043d\u0430, \u0445\u043e\u043b\u0438\u0441\u0442\u0438\u0447\u043a\u0430 \u0433\u0440\u0438\u0436\u0430 \u0438 \u0440\u0435\u0441\u0443\u0440\u0441\u0438 \u043f\u043e\u0442\u0440\u0435\u0431\u043d\u0438 \u0437\u0430 \u0434\u0430 \u0436\u0438\u0432\u0435\u0435 \u0437\u0434\u0440\u0430\u0432 \u0438 \u0434\u043e\u0441\u0442\u043e\u0438\u043d\u0441\u0442\u0432\u0435\u043d \u0436\u0438\u0432\u043e\u0442. \u041d\u0430\u0448\u0430\u0442\u0430 [&hellip;]<\/p>\n","protected":false},"author":1,"featured_media":0,"parent":0,"menu_order":0,"comment_status":"closed","ping_status":"closed","template":"","meta":{"footnotes":""},"class_list":["post-441","page","type-page","status-publish","hentry"],"_links":{"self":[{"href":"https:\/\/transact.mk\/sq\/wp-json\/wp\/v2\/pages\/441","targetHints":{"allow":["GET"]}}],"collection":[{"href":"https:\/\/transact.mk\/sq\/wp-json\/wp\/v2\/pages"}],"about":[{"href":"https:\/\/transact.mk\/sq\/wp-json\/wp\/v2\/types\/page"}],"author":[{"embeddable":true,"href":"https:\/\/transact.mk\/sq\/wp-json\/wp\/v2\/users\/1"}],"replies":[{"embeddable":true,"href":"https:\/\/transact.mk\/sq\/wp-json\/wp\/v2\/comments?post=441"}],"version-history":[{"count":46,"href":"https:\/\/transact.mk\/sq\/wp-json\/wp\/v2\/pages\/441\/revisions"}],"predecessor-version":[{"id":965,"href":"https:\/\/transact.mk\/sq\/wp-json\/wp\/v2\/pages\/441\/revisions\/965"}],"wp:attachment":[{"href":"https:\/\/transact.mk\/sq\/wp-json\/wp\/v2\/media?parent=441"}],"curies":[{"name":"wp","href":"https:\/\/api.w.org\/{rel}","templated":true}]}}