{"id":766,"date":"2025-06-27T21:38:16","date_gmt":"2025-06-27T21:38:16","guid":{"rendered":"https:\/\/transact.mk\/?page_id=766"},"modified":"2025-06-30T13:23:15","modified_gmt":"2025-06-30T13:23:15","slug":"politika-na-privatnost","status":"publish","type":"page","link":"https:\/\/transact.mk\/sq\/politika-na-privatnost\/","title":{"rendered":"Politika e Privat\u00ebsis\u00eb"},"content":{"rendered":"<div data-elementor-type=\"wp-page\" data-elementor-id=\"766\" class=\"elementor elementor-766\" data-elementor-post-type=\"page\">\n\t\t\t\t<div class=\"elementor-element elementor-element-6a7d1773 e-flex e-con-boxed e-con e-parent\" data-id=\"6a7d1773\" data-element_type=\"container\" data-e-type=\"container\">\n\t\t\t\t\t<div class=\"e-con-inner\">\n\t\t\t\t<div class=\"elementor-element elementor-element-788dbef4 elementor-widget elementor-widget-text-editor\" data-id=\"788dbef4\" data-element_type=\"widget\" data-e-type=\"widget\" data-widget_type=\"text-editor.default\">\n\t\t\t\t\t\t\t\t\t<p>Kjo Politika e Privat\u00ebsis\u00eb p\u00ebrshkruan politikat dhe procedurat tona n\u00eb lidhje me mbledhjen, p\u00ebrdorimin dhe zbulimin e informacionit tuaj kur p\u00ebrdorni Sh\u00ebrbimin dhe shpjegon t\u00eb drejtat tuaja t\u00eb privat\u00ebsis\u00eb dhe se si ju mbroj ligji.<\/p><p>Ne p\u00ebrdorim t\u00eb dh\u00ebnat tuaja personale p\u00ebr t\u00eb siguruar dhe p\u00ebrmir\u00ebsuar Sh\u00ebrbimin. Duke p\u00ebrdorur Sh\u00ebrbimin, ju pranoni mbledhjen dhe p\u00ebrdorimin e informacionit n\u00eb p\u00ebrputhje me k\u00ebt\u00eb Politika t\u00eb Privat\u00ebsis\u00eb.<\/p><h2>Interpretimi dhe P\u00ebrkufizimet<\/h2><h3>Interpretimi<\/h3><p>Fjal\u00ebt me germa t\u00eb m\u00ebdha fillestare kan\u00eb kuptime t\u00eb p\u00ebrcaktuara sipas kushteve n\u00eb vijim. P\u00ebrkufizimet e m\u00ebposhtme do t\u00eb ken\u00eb t\u00eb nj\u00ebjtin kuptim, pavar\u00ebsisht n\u00ebse shfaqen n\u00eb nj\u00ebj\u00ebs ose shum\u00ebs.<\/p><h3>P\u00ebrkufizimet<\/h3><p>P\u00ebr q\u00ebllime t\u00eb k\u00ebsaj Politike t\u00eb Privat\u00ebsis\u00eb:<\/p><ul><li style=\"list-style-type: none;\"><ul><li><strong>Llogaria<\/strong> n\u00ebnkupton nj\u00eb llogari unike t\u00eb krijuar p\u00ebr ju p\u00ebr t\u00eb hyr\u00eb n\u00eb Sh\u00ebrbimin ton\u00eb ose pjes\u00eb t\u00eb tij.<\/li><li><strong>Filiale<\/strong> n\u00ebnkupton nj\u00eb entitet q\u00eb kontrollohet, kontrollon ose \u00ebsht\u00eb n\u00ebn kontroll t\u00eb p\u00ebrbashk\u00ebt me nj\u00eb pal\u00eb, ku \"kontroll\" n\u00ebnkupton pron\u00ebsin\u00eb e 50% ose m\u00eb shum\u00eb t\u00eb aksioneve, kapitalit ose letrave t\u00eb tjera me vler\u00eb q\u00eb japin t\u00eb drejt\u00eb vote p\u00ebr zgjedhjen e drejtor\u00ebve ose autoritetit tjet\u00ebr menaxhues.<\/li><li><strong>Kompania<\/strong> (e quajtur \"Kompania\", \"Ne\", \"Nesh\" ose \"Jon\u00eb\" n\u00eb k\u00ebt\u00eb Marr\u00ebveshje) i referohet Shoqat\u00ebs Qendra p\u00ebr Zhvillim dhe Edukim Prilep, rruga Borka Taleski nr. 89, Prilep.<\/li><li><strong>Cookies<\/strong> jan\u00eb skedar\u00eb t\u00eb vegj\u00ebl t\u00eb vendosur n\u00eb kompjuterin tuaj, pajisjen mobile ose \u00e7do pajisje tjet\u00ebr nga nj\u00eb faqe interneti, q\u00eb p\u00ebrmbajn\u00eb detaje t\u00eb historikut tuaj t\u00eb shfletimit.<\/li><li><strong>Vend<\/strong> i referohet: Maqedonis\u00eb s\u00eb Veriut.<\/li><li><strong>Pajisje<\/strong> n\u00ebnkupton \u00e7do pajisje q\u00eb mund t\u00eb hyj\u00eb n\u00eb Sh\u00ebrbimin, si kompjuter, telefon celular ose tablet\u00eb dixhitale.<\/li><li><strong>T\u00eb Dh\u00ebnat Personale<\/strong> n\u00ebnkuptojn\u00eb \u00e7do informacion q\u00eb lidhet me nj\u00eb individ t\u00eb identifikuar ose t\u00eb identifikuesh\u00ebm.<\/li><li><strong>Sh\u00ebrbimi<\/strong> i referohet Faqes Internetore.<\/li><li><strong>Ofruesi i Sh\u00ebrbimit<\/strong> n\u00ebnkupton \u00e7do person fizik ose juridik q\u00eb p\u00ebrpunon t\u00eb dh\u00ebnat n\u00eb em\u00ebr t\u00eb Kompanis\u00eb.<\/li><li><strong>T\u00eb Dh\u00ebnat e P\u00ebrdorimit<\/strong> i referohen t\u00eb dh\u00ebnave t\u00eb mbledhura automatikisht, t\u00eb gjeneruara nga p\u00ebrdorimi i Sh\u00ebrbimit ose nga vet\u00eb infrastruktura e tij.<\/li><li><strong>Faqja Internetore<\/strong> i referohet TRANSACT, e arritshme n\u00eb <a href=\"https:\/\/transact.mk\/sq\/\" target=\"_blank\" rel=\"external nofollow noopener\">https:\/\/transact.mk\/<\/a>.<\/li><li><strong>Ju<\/strong> n\u00ebnkupton personin q\u00eb p\u00ebrdor Sh\u00ebrbimin ose personin juridik n\u00eb em\u00ebr t\u00eb t\u00eb cilit vepron ai individ.<\/li><\/ul><\/li><\/ul><h3>Mbledhja dhe P\u00ebrdorimi i t\u00eb Dh\u00ebnave tuaja Personale<\/h3><p><strong>Llojet e t\u00eb Dh\u00ebnave t\u00eb Mbledhura<\/strong><br \/><strong>T\u00eb Dh\u00ebnat Personale<\/strong><br \/>While using our Service, we may ask you to provide us with certain personally identifiable information that can be used to contact or identify you. Personally identifiable information may include, but is not limited to:<\/p><ul><li><p class=\"ds-markdown-paragraph\">Adres\u00eb email<\/p><\/li><li><p class=\"ds-markdown-paragraph\">Em\u00ebr dhe mbiem\u00ebr<\/p><\/li><li><p class=\"ds-markdown-paragraph\">Numri i telefonit<\/p><\/li><li><p class=\"ds-markdown-paragraph\">T\u00eb Dh\u00ebnat e P\u00ebrdorimit<\/p><\/li><\/ul><p class=\"ds-markdown-paragraph\"><strong>T\u00eb Dh\u00ebnat e P\u00ebrdorimit<\/strong><br \/>T\u00eb dh\u00ebnat e p\u00ebrdorimit mblidhen automatikisht gjat\u00eb p\u00ebrdorimit t\u00eb Sh\u00ebrbimit.<br \/>Kjo mund t\u00eb p\u00ebrfshij\u00eb informacione si adresa IP e pajisjes suaj, lloji i shfletuesit, versioni i shfletuesit, faqet q\u00eb vizitoni, koh\u00ebn dhe dat\u00ebn e vizit\u00ebs, koh\u00ebn e kaluar n\u00eb ato faqe, identifikues unik\u00eb t\u00eb pajisjes dhe t\u00eb dh\u00ebna t\u00eb tjera diagnostikuese.<\/p><h3>Cookies dhe Teknologjit\u00eb e Gjurmimit<\/h3><p>Ne p\u00ebrdorim cookies dhe teknologji t\u00eb ngjashme gjurmuese p\u00ebr t\u00eb ndjekur aktivitetin n\u00eb Sh\u00ebrbimin ton\u00eb dhe p\u00ebr t\u00eb ruajtur informacione t\u00eb caktuara. Teknologjit\u00eb e p\u00ebrdorura p\u00ebrfshijn\u00eb:<\/p><ul><li><strong>Cookies.<\/strong> Ju mund t\u00eb refuzoni cookies p\u00ebrmes cil\u00ebsimeve t\u00eb shfletuesit tuaj, por kjo mund t\u00eb ndikoj\u00eb n\u00eb funksionalitetin e Sh\u00ebrbimit.<\/li><li><strong>Sinjalizues web<\/strong> P\u00ebrdoren p\u00ebr t\u00eb ndjekur sjelljen e p\u00ebrdoruesit.<\/li><\/ul><h3>P\u00ebrdorimi i t\u00eb Dh\u00ebnave tuaja Personale<\/h3><p>Kompania mund t\u00eb p\u00ebrdor\u00eb t\u00eb Dh\u00ebnat Personale p\u00ebr q\u00ebllimet e m\u00ebposhtme:<\/p><ul><li>P\u00ebr t\u00eb siguruar dhe mbajtur Sh\u00ebrbimin.<\/li><li>P\u00ebr t\u00eb menaxhuar Llogarin\u00eb tuaj.<\/li><li>P\u00ebr t\u00eb p\u00ebrmbushur detyrimet kontraktuale.<\/li><li>P\u00ebr t'ju kontaktuar p\u00ebr lajme ose promovime.<\/li><\/ul><h3>Shp\u00ebrndarja e t\u00eb Dh\u00ebnave tuaja Personale<\/h3><p>Informacioni juaj mund t\u00eb ndahet me:<\/p><ul><li>Ofruesit e Sh\u00ebrbimeve.<\/li><li>Kompanit\u00eb e afiliuara.<\/li><li>Partner\u00ebt e biznesit.<\/li><\/ul><h3>Ruajtja dhe Siguria e t\u00eb Dh\u00ebnave<\/h3><p>T\u00eb dh\u00ebnat tuaja ruhen sa \u00ebsht\u00eb e nevojshme dhe mbrohen me masa t\u00eb p\u00ebrshtatshme, por nuk mund t\u00eb garantojm\u00eb 100% siguri.<\/p><h2>Privat\u00ebsia e F\u00ebmij\u00ebve<\/h2><p>Sh\u00ebrbimi yn\u00eb nuk \u00ebsht\u00eb i destinuar p\u00ebr personat n\u00ebn 13 vje\u00e7. N\u00ebse zbulojm\u00eb se kemi mbledhur t\u00eb dh\u00ebna nga nj\u00eb f\u00ebmij\u00eb pa p\u00eblqimin e prindit, ne do t'i fshijm\u00eb ato.<\/p><h2>Lidhje me Faqe t\u00eb Tjera Internetore<\/h2><p>Ne nuk jemi p\u00ebrgjegj\u00ebs p\u00ebr p\u00ebrmbajtjen ose praktikat e privat\u00ebsis\u00eb s\u00eb faqeve t\u00eb pal\u00ebve t\u00eb treta.<\/p><h2>Ndryshime n\u00eb k\u00ebt\u00eb Politik\u00eb<\/h2><p>Ne do t'ju njoftojm\u00eb p\u00ebr ndryshimet n\u00ebp\u00ebrmjet email-it ose n\u00eb Faqen ton\u00eb Internetore.<\/p><h2>Kontakt<\/h2><p>P\u00ebr pyetje, na kontaktoni n\u00eb:<\/p><ul><li>Email: transact.mk@gmail.com<\/li><li>Faqja Internetore <a href=\"https:\/\/transact.mk\/sq\/kontakt\/\">https:\/\/transact.mk\/kontakt\/<\/a><\/li><\/ul><h3>T\u00eb Drejtat e P\u00ebrdoruesit<\/h3><p>Si p\u00ebrdorues, ju keni t\u00eb drejtat e m\u00ebposhtme n\u00eb lidhje me t\u00eb Dh\u00ebnat tuaja Personale:<\/p><ul><li><strong>\u041f\u0440\u0430\u0432\u043e \u043d\u0430 \u043f\u0440\u0438\u0441\u0442\u0430\u043f:<\/strong> \u041c\u043e\u0436\u0435\u0442\u0435 \u0434\u0430 \u043f\u043e\u0431\u0430\u0440\u0430\u0442\u0435 \u043a\u043e\u043f\u0438\u0458\u0430 \u043e\u0434 \u0432\u0430\u0448\u0438\u0442\u0435 \u043b\u0438\u0447\u043d\u0438 \u043f\u043e\u0434\u0430\u0442\u043e\u0446\u0438 \u0448\u0442\u043e \u0433\u0438 \u0447\u0443\u0432\u0430\u043c\u0435.<\/li><li class=\"translation-block\">E drejta e Aksesit: Mund t\u00eb k\u00ebrkoni nj\u00eb kopje t\u00eb t\u00eb Dh\u00ebnave tuaja Personale q\u00eb mbajm\u00eb.<\/li><li class=\"translation-block\">E drejta e Korrigjimit: Mund t\u00eb k\u00ebrkoni korrigjimin e t\u00eb dh\u00ebnave t\u00eb pasakta ose t\u00eb paplota.<\/li><li class=\"translation-block\">E drejta e Fshirjes: Mund t\u00eb k\u00ebrkoni fshirjen e t\u00eb Dh\u00ebnave tuaja Personale n\u00eb kushte t\u00eb caktuara.<\/li><li class=\"translation-block\">E drejta p\u00ebr Kufizimin e P\u00ebrpunimit: Mund t\u00eb k\u00ebrkoni kufizimin e p\u00ebrpunimit t\u00eb t\u00eb dh\u00ebnave tuaja.<\/li><li class=\"translation-block\">E drejta e P\u00ebrthyeshm\u00ebris\u00eb s\u00eb t\u00eb Dh\u00ebnave: Mund t\u00eb k\u00ebrkoni t\u00eb dh\u00ebnat tuaja n\u00eb nj\u00eb format t\u00eb strukturuar.<\/li><\/ul><h3>E drejta e Kund\u00ebrshtimit: Mund t\u00eb kund\u00ebrshtoni ndaj p\u00ebrpunimit t\u00eb t\u00eb dh\u00ebnave tuaja.<\/h3><p>Ne nuk p\u00ebrdorim sisteme t\u00eb automatizuara vendimmarr\u00ebse ose profilizimi q\u00eb do t\u00eb kishin efekte ligjore ose t\u00eb r\u00ebnd\u00ebsishme mbi p\u00ebrdoruesit.<\/p><h3>Ndryshime n\u00eb k\u00ebt\u00eb Politik\u00eb t\u00eb Privat\u00ebsis\u00eb<\/h3><p>Ne e p\u00ebrdit\u00ebsojm\u00eb k\u00ebt\u00eb politik\u00eb periodikisht. T\u00eb gjitha ndryshimet hyjn\u00eb n\u00eb fuqi menj\u00ebher\u00eb pas publikimit n\u00eb k\u00ebt\u00eb faqe.<\/p><p>P\u00ebr ndryshime t\u00eb r\u00ebnd\u00ebsishme q\u00eb prekin t\u00eb drejtat tuaja, do t'ju njoftojm\u00eb me email ose n\u00ebp\u00ebrmjet nj\u00eb njoftimi t\u00eb duksh\u00ebm n\u00eb faqen ton\u00eb t\u00eb internetit.<\/p><h3>Ligjet Zbatuese<\/h3><p>Kjo politik\u00eb e privat\u00ebsis\u00eb rregullohet dhe interpretohet n\u00eb p\u00ebrputhje me ligjet e Maqedonis\u00eb s\u00eb Veriut dhe Rregulloren e P\u00ebrgjithshme t\u00eb Mbrojtjes s\u00eb t\u00eb Dh\u00ebnave (GDPR) t\u00eb BE-s\u00eb.<\/p><h3>Na Kontaktoni<\/h3><p>P\u00ebr pyetje shtes\u00eb n\u00eb lidhje me k\u00ebt\u00eb politik\u00eb privat\u00ebsie, ju lutemi na kontaktoni n\u00ebp\u00ebrmjet:<\/p><ul><li>Email: transact.mk@gmail.com<\/li><li>Telefon: +389 76 250 299<\/li><li>Adresa postare: Rr. Borka Taleski Nr. 89, Prilep, Maqedonia e Veriut<\/li><\/ul><h3>Transferimi Nd\u00ebrkomb\u00ebtar i t\u00eb Dh\u00ebnave<\/h3><p>Informacioni juaj mund t\u00eb transferohet dhe ruhet n\u00eb servera t\u00eb vendosura jasht\u00eb vendit tuaj, ku ligjet e mbrojtjes s\u00eb t\u00eb dh\u00ebnave mund t\u00eb ndryshojn\u00eb nga jurisdiksioni juaj. Duke p\u00ebrdorur Sh\u00ebrbimin ton\u00eb, ju pranoni nj\u00eb transferim t\u00eb till\u00eb.<\/p><h3>Shkelje e t\u00eb Dh\u00ebnave<\/h3><p>N\u00eb rast t\u00eb shkeljes s\u00eb siguris\u00eb s\u00eb t\u00eb dh\u00ebnave q\u00eb mund t\u00eb rrezikoj\u00eb t\u00eb drejtat dhe lirit\u00eb tuaja, ne do t'ju njoftojm\u00eb brenda 72 or\u00ebve pasi t\u00eb b\u00ebhemi t\u00eb vet\u00ebdijsh\u00ebm p\u00ebr incidentin, n\u00eb p\u00ebrputhje me detyrimet ligjore.<\/p><h3>P\u00eblqimi Juaj<\/h3><p>Duke p\u00ebrdorur Sh\u00ebrbimin ton\u00eb, ju pranoni p\u00eblqimin tuaj p\u00ebr mbledhjen, p\u00ebrdorimin dhe shp\u00ebrndarjen e informacionit tuaj si\u00e7 p\u00ebrshkruhet n\u00eb k\u00ebt\u00eb Politik\u00eb t\u00eb Privat\u00ebsis\u00eb.<\/p><h3>Mekanizmat e Pavarur t\u00eb Ankimimit<\/h3><p>N\u00ebse keni kund\u00ebrshtime ose ankesa n\u00eb lidhje me m\u00ebnyr\u00ebn se si i p\u00ebrpunojm\u00eb t\u00eb dh\u00ebnat tuaja personale, keni t\u00eb drejt\u00eb t\u00eb kontaktoni autoritetin lokal t\u00eb mbrojtjes s\u00eb t\u00eb dh\u00ebnave.<\/p><h3>Efektiviteti<\/h3><p>Kjo Politik\u00eb e Privat\u00ebsis\u00eb hyn n\u00eb fuqi m\u00eb 12 prill 2025 dhe z\u00ebvend\u00ebson t\u00eb gjitha versionet e m\u00ebparshme.<\/p><h3>Politika e Cookies<\/h3><p>Faqja jon\u00eb e internetit p\u00ebrdor cookies p\u00ebr t\u00eb p\u00ebrmir\u00ebsuar p\u00ebrvoj\u00ebn e p\u00ebrdoruesit. Mund t'i menaxhoni ose \u00e7aktivizoni cookies p\u00ebrmes cil\u00ebsimeve t\u00eb shfletuesit tuaj.<\/p><h3>Periudhat e Ruajtjes s\u00eb t\u00eb Dh\u00ebnave<\/h3><p>T\u00eb dh\u00ebnat tuaja personale do t\u00eb ruhen vet\u00ebm p\u00ebr aq koh\u00eb sa \u00ebsht\u00eb e nevojshme p\u00ebr q\u00ebllimet p\u00ebr t\u00eb cilat jan\u00eb mbledhur, n\u00eb p\u00ebrputhje me detyrimet tona ligjore.<\/p><h3>Dispozitat p\u00ebr T\u00eb Miturit<\/h3><p>Personat n\u00ebn 16 vje\u00e7 duhet t\u00eb ken\u00eb p\u00eblqimin e prindit ose kujdestarit p\u00ebr t\u00eb p\u00ebrdorur sh\u00ebrbimet tona.<\/p><h3>P\u00ebrdit\u00ebsimi i t\u00eb Dh\u00ebnave tuaja<\/h3><p>Ju keni t\u00eb drejt\u00eb t\u00eb p\u00ebrdit\u00ebsoni t\u00eb dh\u00ebnat tuaja personale n\u00eb \u00e7do koh\u00eb p\u00ebrmes llogaris\u00eb tuaj t\u00eb p\u00ebrdoruesit.<\/p><h3>Shmangie e P\u00ebrgjegj\u00ebsis\u00eb<\/h3><p>Ne nuk jemi p\u00ebrgjegj\u00ebs p\u00ebr p\u00ebrmbajtjen ose praktikat e privat\u00ebsis\u00eb s\u00eb faqeve t\u00eb internetit t\u00eb pal\u00ebve t\u00eb treta q\u00eb mund t\u00eb lidhim.<\/p><h3>Baza Ligjore p\u00ebr P\u00ebrpunimin<\/h3><p>Ne i p\u00ebrpunojm\u00eb t\u00eb dh\u00ebnat tuaja personale bazuar n\u00eb k\u00ebto baza ligjore:<\/p><ul><li>Ekzekutimi i nj\u00eb kontrate me ju<\/li><li>Me p\u00eblqimin tuaj<\/li><li>P\u00ebr t\u00eb p\u00ebrmbushur detyrimet tona ligjore<\/li><li>P\u00ebr interesa legjitime q\u00eb nuk tejkalojn\u00eb t\u00eb drejtat tuaja<\/li><\/ul><h3>Profilizimi i Automatizuar<\/h3><p>Ne nuk p\u00ebrdorim profilizim t\u00eb automatizuar q\u00eb do t\u00eb kishte efekte ligjore ose t\u00eb r\u00ebnd\u00ebsishme mbi p\u00ebrdoruesit.<\/p><h3>T\u00eb Dh\u00ebna nga Pal\u00ebt e Treta<\/h3><p>N\u00eb disa raste, ne mund t\u00eb marrim t\u00eb dh\u00ebnat tuaja personale nga pal\u00ebt e treta, si:<\/p><ul><li>Rrjetet sociale (n\u00ebse identifikoheni p\u00ebrmes tyre)<\/li><li>Partner\u00ebt e analiz\u00ebs s\u00eb biznesit<\/li><li>Ofruesit e sh\u00ebrbimeve teknike<\/li><\/ul><h3>Politika e Ruajtjes s\u00eb t\u00eb Dh\u00ebnave<\/h3><p>T\u00eb dh\u00ebnat personale ruhen p\u00ebr periudhat e m\u00ebposhtme:<\/p><ul><li>T\u00eb dh\u00ebnat e llogaris\u00eb s\u00eb p\u00ebrdoruesit: 5 vite pas aktivitetit t\u00eb fundit<\/li><li>T\u00eb dh\u00ebnat e transaksioneve: 7 vite p\u00ebr q\u00ebllime tatimore<\/li><li>Komunikimet me email: 3 vite<\/li><\/ul><h3>T\u00eb Drejtat e Subjektit t\u00eb t\u00eb Dh\u00ebnave<\/h3><p>Sipas GDPR, ju keni t\u00eb drejt\u00eb:<\/p><ul><li>T\u00eb aksesoni t\u00eb dh\u00ebnat tuaja<\/li><li>Korrigjimin e t\u00eb dh\u00ebnave t\u00eb pasakta<\/li><li>Fshirjen e t\u00eb dh\u00ebnave (\"e drejta p\u00ebr t\u00eb harruar\")<\/li><li>Kufizimin e p\u00ebrpunimit<\/li><li>P\u00ebrthyeshm\u00ebrin\u00eb e t\u00eb dh\u00ebnave<\/li><li>T\u00eb drejt\u00ebn p\u00ebr kund\u00ebrshtim<\/li><li>T\u00eb mos jeni objekt i vendimmarrjes s\u00eb automatizuar<\/li><\/ul><h2>P\u00ebrfundimi<\/h2><p>Kjo Politik\u00eb e Privat\u00ebsis\u00eb p\u00ebrshkruan m\u00ebnyr\u00ebn se si mbledhim, p\u00ebrdorim dhe mbrojm\u00eb t\u00eb dh\u00ebnat tuaja personale. Duke p\u00ebrdorur Sh\u00ebrbimin ton\u00eb, ju pranoni p\u00eblqimin tuaj p\u00ebr k\u00ebto praktika.<\/p><p>N\u00ebse keni ndonj\u00eb pyetje ose kund\u00ebrshtim n\u00eb lidhje me k\u00ebt\u00eb Politik\u00eb t\u00eb Privat\u00ebsis\u00eb, ju lutemi na kontaktoni duke p\u00ebrdorur informacionet e kontaktit t\u00eb dh\u00ebna.<\/p><p>Ju fal\u00ebnderojm\u00eb q\u00eb p\u00ebrdorni Sh\u00ebrbimin ton\u00eb.<\/p>\t\t\t\t\t\t\t\t<\/div>\n\t\t\t\t\t<\/div>\n\t\t\t\t<\/div>\n\t\t\t\t<\/div>","protected":false},"excerpt":{"rendered":"<p>\u041e\u0432\u0430\u0430 \u041f\u043e\u043b\u0438\u0442\u0438\u043a\u0430 \u0437\u0430 \u043f\u0440\u0438\u0432\u0430\u0442\u043d\u043e\u0441\u0442 \u0433\u0438 \u043e\u043f\u0438\u0448\u0443\u0432\u0430 \u043d\u0430\u0448\u0438\u0442\u0435 \u043f\u043e\u043b\u0438\u0442\u0438\u043a\u0438 \u0438 \u043f\u0440\u043e\u0446\u0435\u0434\u0443\u0440\u0438 \u0437\u0430 \u0441\u043e\u0431\u0438\u0440\u0430\u045a\u0435, \u043a\u043e\u0440\u0438\u0441\u0442\u0435\u045a\u0435 \u0438 \u043e\u0442\u043a\u0440\u0438\u0432\u0430\u045a\u0435 \u043d\u0430 \u0432\u0430\u0448\u0438\u0442\u0435 \u0438\u043d\u0444\u043e\u0440\u043c\u0430\u0446\u0438\u0438 \u043a\u043e\u0433\u0430 \u0433\u043e \u043a\u043e\u0440\u0438\u0441\u0442\u0438\u0442\u0435 \u0423\u0441\u043b\u0443\u0433\u0430\u0442\u0430 \u0438 \u0432\u0438 \u0433\u0438 \u043e\u0431\u0458\u0430\u0441\u043d\u0443\u0432\u0430 \u0432\u0430\u0448\u0438\u0442\u0435 \u043f\u0440\u0430\u0432\u0430 \u043d\u0430 \u043f\u0440\u0438\u0432\u0430\u0442\u043d\u043e\u0441\u0442 \u0438 \u043a\u0430\u043a\u043e \u0437\u0430\u043a\u043e\u043d\u043e\u0442 \u0432\u0435 \u0448\u0442\u0438\u0442\u0438. \u041d\u0438\u0435 \u0433\u0438 \u043a\u043e\u0440\u0438\u0441\u0442\u0438\u043c\u0435 \u0432\u0430\u0448\u0438\u0442\u0435 \u043b\u0438\u0447\u043d\u0438 \u043f\u043e\u0434\u0430\u0442\u043e\u0446\u0438 \u0437\u0430 \u0434\u0430 \u0458\u0430 \u043e\u0431\u0435\u0437\u0431\u0435\u0434\u0438\u043c\u0435 \u0438 \u043f\u043e\u0434\u043e\u0431\u0440\u0438\u043c\u0435 \u0423\u0441\u043b\u0443\u0433\u0430\u0442\u0430. \u0421\u043e \u043a\u043e\u0440\u0438\u0441\u0442\u0435\u045a\u0435 \u043d\u0430 \u0423\u0441\u043b\u0443\u0433\u0430\u0442\u0430, \u0432\u0438\u0435 \u0441\u0435 \u0441\u043e\u0433\u043b\u0430\u0441\u0443\u0432\u0430\u0442\u0435 [&hellip;]<\/p>\n","protected":false},"author":1,"featured_media":0,"parent":0,"menu_order":0,"comment_status":"closed","ping_status":"closed","template":"","meta":{"footnotes":""},"class_list":["post-766","page","type-page","status-publish","hentry"],"_links":{"self":[{"href":"https:\/\/transact.mk\/sq\/wp-json\/wp\/v2\/pages\/766","targetHints":{"allow":["GET"]}}],"collection":[{"href":"https:\/\/transact.mk\/sq\/wp-json\/wp\/v2\/pages"}],"about":[{"href":"https:\/\/transact.mk\/sq\/wp-json\/wp\/v2\/types\/page"}],"author":[{"embeddable":true,"href":"https:\/\/transact.mk\/sq\/wp-json\/wp\/v2\/users\/1"}],"replies":[{"embeddable":true,"href":"https:\/\/transact.mk\/sq\/wp-json\/wp\/v2\/comments?post=766"}],"version-history":[{"count":13,"href":"https:\/\/transact.mk\/sq\/wp-json\/wp\/v2\/pages\/766\/revisions"}],"predecessor-version":[{"id":834,"href":"https:\/\/transact.mk\/sq\/wp-json\/wp\/v2\/pages\/766\/revisions\/834"}],"wp:attachment":[{"href":"https:\/\/transact.mk\/sq\/wp-json\/wp\/v2\/media?parent=766"}],"curies":[{"name":"wp","href":"https:\/\/api.w.org\/{rel}","templated":true}]}}