{"id":777,"date":"2025-06-27T21:59:33","date_gmt":"2025-06-27T21:59:33","guid":{"rendered":"https:\/\/transact.mk\/?page_id=777"},"modified":"2025-06-30T13:22:27","modified_gmt":"2025-06-30T13:22:27","slug":"izjava-za-odgovornost","status":"publish","type":"page","link":"https:\/\/transact.mk\/sq\/izjava-za-odgovornost\/","title":{"rendered":"Deklarat\u00eb p\u00ebrgjegj\u00ebsie"},"content":{"rendered":"<div data-elementor-type=\"wp-page\" data-elementor-id=\"777\" class=\"elementor elementor-777\" data-elementor-post-type=\"page\">\n\t\t\t\t<div class=\"elementor-element elementor-element-5086b50c e-flex e-con-boxed e-con e-parent\" data-id=\"5086b50c\" data-element_type=\"container\" data-e-type=\"container\">\n\t\t\t\t\t<div class=\"e-con-inner\">\n\t\t\t\t<div class=\"elementor-element elementor-element-39fc290c elementor-widget elementor-widget-text-editor\" data-id=\"39fc290c\" data-element_type=\"widget\" data-e-type=\"widget\" data-widget_type=\"text-editor.default\">\n\t\t\t\t\t\t\t\t\t\n<h2>1. P\u00ebrmbajtja e Uebfaqes<\/h2>\n<p class=\"translation-block\">P\u00ebrmbajtjet e faqes internetore transact.mk ofrohen vet\u00ebm p\u00ebr q\u00ebllime informative t\u00eb p\u00ebrgjithshme. Shoqata Qendra p\u00ebr Zhvillim dhe Edukim Prilep nuk garanton sakt\u00ebsin\u00eb, plot\u00ebsin\u00eb ose aktualitetin e informacioneve t\u00eb publikuara.<\/p>\n<h2>2. Vendimet e P\u00ebrdoruesit<\/h2>\n<p>T\u00eb gjitha vendimet e marra bazuar n\u00eb informacionet nga kjo faqe internetore jan\u00eb vet\u00ebm p\u00ebrgjegj\u00ebsia juaj. Rekomandojm\u00eb konsultimin me profesionist\u00eb para se t\u00eb nd\u00ebrmarrni ndonj\u00eb veprim.<\/p>\n<h2>3. Lidhjet e Jashtme<\/h2>\n<p>Faqja jon\u00eb mund t\u00eb p\u00ebrmbaj\u00eb lidhje me faqe internetore t\u00eb pal\u00ebve t\u00eb treta. Ne nuk jemi p\u00ebrgjegj\u00ebs p\u00ebr p\u00ebrmbajtjen e tyre ose politik\u00ebn e privat\u00ebsis\u00eb.<\/p>\n<h2>4. T\u00eb Drejtat e Autorit<\/h2>\n<p>T\u00eb gjitha p\u00ebrmbajtjet (teksti, grafik\u00ebt, logot) jan\u00eb t\u00eb mbrojtura me t\u00eb drejta autori dhe jan\u00eb pron\u00eb e Shoqat\u00ebs Qendra p\u00ebr Zhvillim dhe Edukim Prilep, p\u00ebrve\u00e7 n\u00ebse thuhet ndryshe n\u00eb m\u00ebnyr\u00eb eksplicite.<\/p>\n<h2>5. Kufizimi i P\u00ebrgjegj\u00ebsis\u00eb<\/h2>\n<p>Ne nuk jemi p\u00ebrgjegj\u00ebs p\u00ebr:<\/p>\n<ul>\n<li>\u00c7do d\u00ebmtim t\u00eb drejt\u00ebp\u00ebrdrejt\u00eb apo indirekt q\u00eb rezulton nga p\u00ebrdorimi i k\u00ebsaj faqeje internetore<\/li>\n<li>Problemet teknike ose nd\u00ebrprerjet e sh\u00ebrbimit<\/li>\n<li>P\u00ebrdorimin e paligjsh\u00ebm t\u00eb p\u00ebrmbajtjeve nga pal\u00ebt e treta<\/li>\n<\/ul>\n<h2>6. Ndryshimet<\/h2>\n<p>Ky shmangie p\u00ebrgjegj\u00ebsie mund t\u00eb p\u00ebrdit\u00ebsohet her\u00eb pas here. Ndryshimet hyjn\u00eb n\u00eb fuqi menj\u00ebher\u00eb pas publikimit.<\/p>\n<h2>Kontakt<\/h2>\n<p>P\u00ebr pyetje n\u00eb lidhje me k\u00ebt\u00eb shmangie p\u00ebrgjegj\u00ebsie, na kontaktoni n\u00eb:<\/p>\n<ul>\n<li>Email: transact.mk@gmail.com<\/li>\n<li>Adresa: Rr. Borka Taleski Nr. 89, Prilep<\/li>\n<\/ul>\n\t\t\t\t\t\t\t\t<\/div>\n\t\t\t\t\t<\/div>\n\t\t\t\t<\/div>\n\t\t\t\t<\/div>","protected":false},"excerpt":{"rendered":"<p>1. \u0421\u043e\u0434\u0440\u0436\u0438\u043d\u0430 \u043d\u0430 \u0432\u0435\u0431-\u0441\u0442\u0440\u0430\u043d\u0438\u0446\u0430\u0442\u0430 \u0421\u043e\u0434\u0440\u0436\u0438\u043d\u0438\u0442\u0435 \u043d\u0430 \u0432\u0435\u0431-\u0441\u0442\u0440\u0430\u043d\u0438\u0446\u0430\u0442\u0430 transact.mk \u0441\u0435 \u043e\u0431\u0435\u0437\u0431\u0435\u0434\u0435\u043d\u0438 \u0437\u0430 \u043e\u043f\u0448\u0442\u0438 \u0438\u043d\u0444\u043e\u0440\u043c\u0430\u0442\u0438\u0432\u043d\u0438 \u0446\u0435\u043b\u0438. \u0417\u0434\u0440\u0443\u0436\u0435\u043d\u0438\u0435\u0442\u043e \u0426\u0435\u043d\u0442\u0430\u0440 \u0437\u0430 \u0440\u0430\u0437\u0432\u043e\u0458 \u0438 \u043e\u0431\u0440\u0430\u0437\u043e\u0432\u0430\u043d\u0438\u0435 \u041f\u0440\u0438\u043b\u0435\u043f \u043d\u0435 \u0433\u0430\u0440\u0430\u043d\u0442\u0438\u0440\u0430 \u0437\u0430 \u0442\u043e\u0447\u043d\u043e\u0441\u0442\u0430, \u043a\u043e\u043c\u043f\u043b\u0435\u0442\u043d\u043e\u0441\u0442\u0430 \u0438\u043b\u0438 \u0430\u043a\u0442\u0443\u0435\u043b\u043d\u043e\u0441\u0442\u0430 \u043d\u0430 \u043e\u0431\u0458\u0430\u0432\u0435\u043d\u0438\u0442\u0435 \u0438\u043d\u0444\u043e\u0440\u043c\u0430\u0446\u0438\u0438. 2. \u041a\u043e\u0440\u0438\u0441\u043d\u0438\u0447\u043a\u0438 \u043e\u0434\u043b\u0443\u043a\u0438 \u0421\u0438\u0442\u0435 \u043e\u0434\u043b\u0443\u043a\u0438 \u0434\u043e\u043d\u0435\u0441\u0435\u043d\u0438 \u0432\u0440\u0437 \u043e\u0441\u043d\u043e\u0432\u0430 \u043d\u0430 \u0438\u043d\u0444\u043e\u0440\u043c\u0430\u0446\u0438\u0438\u0442\u0435 \u043e\u0434 \u043e\u0432\u0430\u0430 \u0432\u0435\u0431-\u0441\u0442\u0440\u0430\u043d\u0438\u0446\u0430 \u0441\u0435 \u0438\u0441\u043a\u043b\u0443\u0447\u0438\u0442\u0435\u043b\u043d\u043e \u0432\u0430\u0448\u0430 \u043e\u0434\u0433\u043e\u0432\u043e\u0440\u043d\u043e\u0441\u0442. \u041f\u0440\u0435\u043f\u043e\u0440\u0430\u0447\u0443\u0432\u0430\u043c\u0435 \u043a\u043e\u043d\u0441\u0443\u043b\u0442\u0430\u0446\u0438\u0458\u0430 \u0441\u043e \u0441\u0442\u0440\u0443\u0447\u043d\u0438 \u043b\u0438\u0446\u0430 \u043f\u0440\u0435\u0434 \u043f\u0440\u0435\u0437\u0435\u043c\u0430\u045a\u0435 [&hellip;]<\/p>\n","protected":false},"author":1,"featured_media":0,"parent":0,"menu_order":0,"comment_status":"closed","ping_status":"closed","template":"","meta":{"footnotes":""},"class_list":["post-777","page","type-page","status-publish","hentry"],"_links":{"self":[{"href":"https:\/\/transact.mk\/sq\/wp-json\/wp\/v2\/pages\/777","targetHints":{"allow":["GET"]}}],"collection":[{"href":"https:\/\/transact.mk\/sq\/wp-json\/wp\/v2\/pages"}],"about":[{"href":"https:\/\/transact.mk\/sq\/wp-json\/wp\/v2\/types\/page"}],"author":[{"embeddable":true,"href":"https:\/\/transact.mk\/sq\/wp-json\/wp\/v2\/users\/1"}],"replies":[{"embeddable":true,"href":"https:\/\/transact.mk\/sq\/wp-json\/wp\/v2\/comments?post=777"}],"version-history":[{"count":16,"href":"https:\/\/transact.mk\/sq\/wp-json\/wp\/v2\/pages\/777\/revisions"}],"predecessor-version":[{"id":831,"href":"https:\/\/transact.mk\/sq\/wp-json\/wp\/v2\/pages\/777\/revisions\/831"}],"wp:attachment":[{"href":"https:\/\/transact.mk\/sq\/wp-json\/wp\/v2\/media?parent=777"}],"curies":[{"name":"wp","href":"https:\/\/api.w.org\/{rel}","templated":true}]}}